{"id":6278,"date":"2025-09-24T10:36:33","date_gmt":"2025-09-24T08:36:33","guid":{"rendered":"https:\/\/mchoses.fr\/?page_id=6278"},"modified":"2025-09-24T10:38:07","modified_gmt":"2025-09-24T08:38:07","slug":"newsletter","status":"publish","type":"page","link":"https:\/\/mchoses.fr\/?page_id=6278","title":{"rendered":"Je m&rsquo;abonne \u00e0 la newsletter !"},"content":{"rendered":"\n\n            <div id=\"mailerlite-form_1\" data-temp-id=\"69f4375857735\">\n                <div class=\"mailerlite-form\">\n                    <form action=\"\" method=\"post\" novalidate>\n                                                    <div class=\"mailerlite-form-title\"><h3>Newsletter<\/h3><\/div>\n                                                <div class=\"mailerlite-form-description\"><p>Abonnez-vous \u00e0 la newsletter pour ne rien manquer des nouveaut\u00e9s, ateliers et \u00e9v\u00e8nements !<\/p>\n<\/div>\n                        <div class=\"mailerlite-form-inputs\">\n                                                                                            <div class=\"mailerlite-form-field\">\n                                    <label for=\"mailerlite-1-field-email\">Email<\/label>\n                                    <input id=\"mailerlite-1-field-email\"\n                                           type=\"email\" required=\"required\"                                            name=\"form_fields[email]\"\n                                           placeholder=\"\"\/>\n                                <\/div>\n                                                                                            <div class=\"mailerlite-form-field\">\n                                    <label for=\"mailerlite-1-field-last_name\">Last name<\/label>\n                                    <input id=\"mailerlite-1-field-last_name\"\n                                           type=\"text\"                                            name=\"form_fields[last_name]\"\n                                           placeholder=\"Last name\"\/>\n                                <\/div>\n                                                                                            <div class=\"mailerlite-form-field\">\n                                    <label for=\"mailerlite-1-field-name\">Name<\/label>\n                                    <input id=\"mailerlite-1-field-name\"\n                                           type=\"text\"                                            name=\"form_fields[name]\"\n                                           placeholder=\"Name\"\/>\n                                <\/div>\n                                                                                            <div class=\"mailerlite-form-field\">\n                                    <label for=\"mailerlite-1-field-phone\">Phone<\/label>\n                                    <input id=\"mailerlite-1-field-phone\"\n                                           type=\"text\"                                            name=\"form_fields[phone]\"\n                                           placeholder=\"Phone\"\/>\n                                <\/div>\n                                                                                            <div class=\"mailerlite-form-field\">\n                                    <label for=\"mailerlite-1-field-city\">City<\/label>\n                                    <input id=\"mailerlite-1-field-city\"\n                                           type=\"text\"                                            name=\"form_fields[city]\"\n                                           placeholder=\"City\"\/>\n                                <\/div>\n                                                        <div class=\"mailerlite-form-loader\">Please wait...<\/div>\n                            <div class=\"mailerlite-subscribe-button-container\">\n                                <button class=\"mailerlite-subscribe-submit\" type=\"submit\">\n                                    Je m&#039;abonne !                                <\/button>\n                            <\/div>\n                            <input type=\"hidden\" name=\"form_id\" value=\"1\"\/>\n                            <input type=\"hidden\" name=\"action\" value=\"mailerlite_subscribe_form\"\/>\n                            <input type=\"hidden\" name=\"ml_nonce\" value=\"bc0fc25b54\"\/>\n                        <\/div>\n                        <div class=\"mailerlite-form-response\">\n                                                            <h4><p>Merci de vous \u00eatre inscrit !<\/p>\n<\/h4>\n                                                    <\/div>\n                    <\/form>\n                <\/div>\n            <\/div>\n        <script type=\"text\/javascript\" src='https:\/\/mchoses.fr\/wp-content\/plugins\/official-mailerlite-sign-up-forms\/assets\/js\/localization\/validation-messages.js'><\/script>\n         <script type=\"text\/javascript\"> var selectedLanguage = \"fr\"; var validationMessages = messages[\"en\"]; if(selectedLanguage) { validationMessages = messages[selectedLanguage]; } window.addEventListener(\"load\", function () { var form_container = document.querySelector(`#mailerlite-form_1[data-temp-id=\"69f4375857735\"] form`); let submitButton = form_container.querySelector('.mailerlite-subscribe-submit'); submitButton.disabled = true; fetch('https:\/\/mchoses.fr\/wp-admin\/admin-ajax.php', { method: 'POST', headers:{ 'Content-Type': 'application\/x-www-form-urlencoded', }, body: new URLSearchParams({ \"action\" : \"ml_create_nonce\", \"ml_nonce\" : form_container.querySelector(\"input[name='ml_nonce']\").value }) }) .then((response) => response.json()) .then((json) => { if(json.success) { form_container.querySelector(\"input[name='ml_nonce']\").value = json.data.ml_nonce; submitButton.disabled = false; } }) .catch((error) => { console.error('Error:', error); }); form_container.addEventListener('submit', (e) => { e.preventDefault(); let data = new URLSearchParams(new FormData(form_container)).toString(); let validationError = false; document.querySelectorAll('.mailerlite-form-error').forEach(el => el.remove()); Array.from(form_container.elements).forEach((input) => { if(input.type !== 'hidden') { if(input.required) { if(input.value == '') { validationError = true; let error = document.createElement(\"span\"); error.className = 'mailerlite-form-error'; error.textContent = validationMessages.required; input.after(error); return false; } } if((input.type == \"email\") && (!validateEmail(input.value))) { validationError = true; let error = document.createElement(\"span\"); error.className = 'mailerlite-form-error'; error.textContent = validationMessages.email; input.after(error); return false; } } }); if(validationError) { return false; } fade.out(form_container.querySelector('.mailerlite-subscribe-button-container'), () => { fade.in(form_container.querySelector('.mailerlite-form-loader')); }); fetch('https:\/\/mchoses.fr\/wp-admin\/admin-ajax.php', { method: 'POST', headers:{ 'Content-Type': 'application\/x-www-form-urlencoded', }, body: data }) .then((response) => { fade.out(form_container.querySelector('.mailerlite-form-inputs'), () => { fade.in(form_container.querySelector('.mailerlite-form-response')); }); }) .catch((error) => { console.error('Error:', error); }); }); }, false); var fade = { out: function(el, fn = false) { var fadeOutEffect = setInterval(function () { if (!el.style.opacity) { el.style.opacity = 1; } if (el.style.opacity > 0) { el.style.opacity -= 0.1; } else { el.style.display = 'none'; clearInterval(fadeOutEffect); } }, 50); if( typeof (fn) == 'function') { fn(); } }, in: function(el) { var fadeInEffect = setInterval(function () { if (!el.style.opacity) { el.style.opacity = 0; } if (el.style.opacity < 1) { el.style.opacity = Number(el.style.opacity) + 0.1; } else { el.style.display = 'block'; clearInterval(fadeInEffect); } }, 50); } }; function validateEmail(email){ if(email.match( \/^(([^<>()[\\]\\\\.,;:\\s@\\\"]+(\\.[^<>()[\\]\\\\.,;:\\s@\\\"]+)*)|(\\\".+\\\"))@((\\[[0-9]{1,3}\\.[0-9]{1,3}\\.[0-9]{1,3}\\.[0-9]{1,3}\\])|(([a-zA-Z\\-0-9]+\\.)+[a-zA-Z]{2,}))$\/ )) { return true; } return false; } <\/script> \n","protected":false},"excerpt":{"rendered":"","protected":false},"author":1,"featured_media":0,"parent":0,"menu_order":0,"comment_status":"closed","ping_status":"closed","template":"","meta":{"_crdt_document":"","_monsterinsights_skip_tracking":false,"_monsterinsights_sitenote_active":false,"_monsterinsights_sitenote_note":"","_monsterinsights_sitenote_category":0,"_uf_show_specific_survey":0,"_uf_disable_surveys":false,"footnotes":""},"class_list":["post-6278","page","type-page","status-publish","hentry"],"aioseo_notices":[],"jetpack_sharing_enabled":true,"_links":{"self":[{"href":"https:\/\/mchoses.fr\/index.php?rest_route=\/wp\/v2\/pages\/6278","targetHints":{"allow":["GET"]}}],"collection":[{"href":"https:\/\/mchoses.fr\/index.php?rest_route=\/wp\/v2\/pages"}],"about":[{"href":"https:\/\/mchoses.fr\/index.php?rest_route=\/wp\/v2\/types\/page"}],"author":[{"embeddable":true,"href":"https:\/\/mchoses.fr\/index.php?rest_route=\/wp\/v2\/users\/1"}],"replies":[{"embeddable":true,"href":"https:\/\/mchoses.fr\/index.php?rest_route=%2Fwp%2Fv2%2Fcomments&post=6278"}],"version-history":[{"count":2,"href":"https:\/\/mchoses.fr\/index.php?rest_route=\/wp\/v2\/pages\/6278\/revisions"}],"predecessor-version":[{"id":6281,"href":"https:\/\/mchoses.fr\/index.php?rest_route=\/wp\/v2\/pages\/6278\/revisions\/6281"}],"wp:attachment":[{"href":"https:\/\/mchoses.fr\/index.php?rest_route=%2Fwp%2Fv2%2Fmedia&parent=6278"}],"curies":[{"name":"wp","href":"https:\/\/api.w.org\/{rel}","templated":true}]}}