{"id":1188,"date":"2022-09-18T08:10:20","date_gmt":"2022-09-18T06:10:20","guid":{"rendered":"https:\/\/mchoses.fr\/?post_type=product&#038;p=1188"},"modified":"2026-01-12T17:38:54","modified_gmt":"2026-01-12T16:38:54","slug":"aiguilles-circulaires-fixes-metal-chiaogoo-knit-red-23cm","status":"publish","type":"product","link":"https:\/\/mchoses.fr\/?product=aiguilles-circulaires-fixes-metal-chiaogoo-knit-red-23cm","title":{"rendered":"Aiguilles circulaires fixes m\u00e9tal CHIAOGOO &#8211; KNIT RED (23cm)"},"content":{"rendered":"<h2 class=\"ng-scope\"><strong>Aiguilles circulaires fixes KNIT RED<\/strong><\/h2>\n<ul class=\"ng-scope\">\n<li>Num\u00e9ro d\u2019aiguille : de 1.5mm \u00e0 5 mm<\/li>\n<li>Longueur : 23cm (9\u00a0\u00bb US)<\/li>\n<li>R\u00e9f\u00e9rence Chiaogoo : 6009-000<\/li>\n<li>Mati\u00e8re aiguilles : acier inox chirurgical<\/li>\n<\/ul>\n<p class=\"ng-scope\">Recommand\u00e9 pour\u00a0: vos ouvrages en rond de petit diam\u00e8tre (chaussettes, mitaines, poignets de pulls, layettes).<\/p>\n<p class=\"ng-scope\">Les aiguilles circulaires fixes \u00ab Knit RED \u00bb Chiaogoo sont fabriqu\u00e9es en acier chirurgical. L\u00e9g\u00e8res, solides et inoxydables, elles sont douces au toucher et leur finition satin\u00e9e anti-reflet vous apportera un confort et une pr\u00e9cision de tricotage incomparable.<\/p>\n<p>Le c\u00e2ble \u00ab RED \u00bb, compos\u00e9 d\u2019un c\u00e2ble d\u2019acier flexible \u00e0 plusieurs brins est recouvert de nylon rouge offrant une glisse parfaite. Le c\u00e2ble \u00ab RED \u00bb, gr\u00e2ce \u00e0 sa conception, est tr\u00e8s souple, ne coude pas aux jointures et n\u2019a pas d\u2019effet \u00ab m\u00e9moire \u00bb. Enfin, la taille est grav\u00e9e au laser sur chaque aiguille.<\/p>\n<p><span class=\"ng-scope\">Ces aiguilles Chiaogoo sont disponibles dans plusieurs num\u00e9ros d\u2019aiguille en 23cm et 30cm de longueur.<\/span><\/p>\n","protected":false},"excerpt":{"rendered":"<p>Aiguilles circulaires fixes KNIT RED Num\u00e9ro d\u2019aiguille : de 1.5mm \u00e0 5 mm Longueur : 23cm (9\u00a0\u00bb US) R\u00e9f\u00e9rence Chiaogoo : 6009-000 Mati\u00e8re aiguilles : acier inox chirurgical Recommand\u00e9 pour\u00a0: &hellip; <\/p>\n","protected":false},"featured_media":3701,"comment_status":"closed","ping_status":"closed","template":"","meta":{"_crdt_document":"","_monsterinsights_skip_tracking":false,"_monsterinsights_sitenote_active":false,"_monsterinsights_sitenote_note":"","_monsterinsights_sitenote_category":0,"_uf_show_specific_survey":0,"_uf_disable_surveys":false,"jetpack_publicize_message":"","jetpack_publicize_feature_enabled":true,"jetpack_social_post_already_shared":false,"jetpack_social_options":{"image_generator_settings":{"template":"highway","default_image_id":0,"font":"","enabled":false},"version":2}},"product_brand":[],"product_cat":[193,159],"product_tag":[177,175,178,176,181,179,180],"class_list":{"0":"post-1188","1":"product","2":"type-product","3":"status-publish","4":"has-post-thumbnail","6":"product_cat-aiguilles-a-tricoter","7":"product_cat-tricot","8":"product_tag-acier","9":"product_tag-aiguilles","10":"product_tag-chaussettes","11":"product_tag-circulaire","12":"product_tag-knit-red","13":"product_tag-layette","14":"product_tag-tricot","16":"first","17":"instock","18":"taxable","19":"shipping-taxable","20":"purchasable","21":"product-type-variable"},"aioseo_notices":[],"jetpack_publicize_connections":[],"jetpack_sharing_enabled":true,"_links":{"self":[{"href":"https:\/\/mchoses.fr\/index.php?rest_route=\/wp\/v2\/product\/1188","targetHints":{"allow":["GET"]}}],"collection":[{"href":"https:\/\/mchoses.fr\/index.php?rest_route=\/wp\/v2\/product"}],"about":[{"href":"https:\/\/mchoses.fr\/index.php?rest_route=\/wp\/v2\/types\/product"}],"replies":[{"embeddable":true,"href":"https:\/\/mchoses.fr\/index.php?rest_route=%2Fwp%2Fv2%2Fcomments&post=1188"}],"wp:featuredmedia":[{"embeddable":true,"href":"https:\/\/mchoses.fr\/index.php?rest_route=\/wp\/v2\/media\/3701"}],"wp:attachment":[{"href":"https:\/\/mchoses.fr\/index.php?rest_route=%2Fwp%2Fv2%2Fmedia&parent=1188"}],"wp:term":[{"taxonomy":"product_brand","embeddable":true,"href":"https:\/\/mchoses.fr\/index.php?rest_route=%2Fwp%2Fv2%2Fproduct_brand&post=1188"},{"taxonomy":"product_cat","embeddable":true,"href":"https:\/\/mchoses.fr\/index.php?rest_route=%2Fwp%2Fv2%2Fproduct_cat&post=1188"},{"taxonomy":"product_tag","embeddable":true,"href":"https:\/\/mchoses.fr\/index.php?rest_route=%2Fwp%2Fv2%2Fproduct_tag&post=1188"}],"curies":[{"name":"wp","href":"https:\/\/api.w.org\/{rel}","templated":true}]}}