{"id":1308,"date":"2022-09-20T10:51:27","date_gmt":"2022-09-20T08:51:27","guid":{"rendered":"https:\/\/mchoses.fr\/?post_type=product&#038;p=1308"},"modified":"2026-01-12T23:30:13","modified_gmt":"2026-01-12T22:30:13","slug":"bio-balance-gots-bc-garn","status":"publish","type":"product","link":"https:\/\/mchoses.fr\/?product=bio-balance-gots-bc-garn","title":{"rendered":"Bio Balance GOTS &#8211; BC GARN"},"content":{"rendered":"<div class=\"col-md-12 pl-0 \">\n<h2 class=\"artikel-detailansicht\">BIO BALANCE GOTS &#8211; BC GARN<\/h2>\n<p>&nbsp;<\/p>\n<\/div>\n<div class=\"col-md-12 pl-0\">\n<ul class=\"pl-3 mb-2\">\n<li>Composition : 55% laine, 45% coton<\/li>\n<li>M\u00e9trage : 225m\/50g<\/li>\n<li>Aiguilles : 2-3,5 mm<\/li>\n<li>Echantillon : 25 = 10 cm<\/li>\n<li>Pull femme T 38 : 350g<\/li>\n<li>Conseils d&rsquo;entretien : Lavage \u00e0 la main<\/li>\n<\/ul>\n<p>&nbsp;<\/p>\n<\/div>\n<div class=\"col-md-12 pl-0 \">\n<div id=\"summary\">\n<p id=\"collapseSummary\" class=\"mb-0 collapse show\">BIO BALANCE est un merveilleux m\u00e9lange de laine bio et coton bio, tr\u00e8s doux et agr\u00e9able \u00e0 tricoter.<\/p>\n<p class=\"mb-0 collapse show\">Ce fil certifi\u00e9 GOTS a un chin\u00e9 tr\u00e8s subtil qui apporte un int\u00e9r\u00eat sp\u00e9cifique \u00e0 chaque \u00e9cheveau. Ce fil peut aussi bien \u00eatre tricot\u00e9 que crochet\u00e9. Il est parfait pour les enfants et les tricots intersaison.<\/p>\n<p class=\"mb-0 collapse show\">La certification GOTS garantie l&rsquo;origine biologique, le respect de l&rsquo;animal et de l&rsquo;environnement, le contr\u00f4le des consommations de teintures, d&rsquo;\u00e9nergie, les bonnes conditions de travail et la responsabilit\u00e9 sociale.<\/p>\n<p class=\"mb-0 collapse show\">Le Label GOTS contr\u00f4le toutes les \u00e9tapes de production de la fibre \u00e0 la pelote. Seuls les fils fabriqu\u00e9s et contr\u00f4l\u00e9s par GOTS peuvent b\u00e9n\u00e9ficier de ce logo.<\/p>\n<\/div>\n<\/div>\n","protected":false},"excerpt":{"rendered":"<p>BIO BALANCE GOTS &#8211; BC GARN &nbsp; Composition : 55% laine, 45% coton M\u00e9trage : 225m\/50g Aiguilles : 2-3,5 mm Echantillon : 25 = 10 cm Pull femme T 38 &hellip; <\/p>\n","protected":false},"featured_media":1318,"comment_status":"closed","ping_status":"closed","template":"","meta":{"_crdt_document":"","_monsterinsights_skip_tracking":false,"_monsterinsights_sitenote_active":false,"_monsterinsights_sitenote_note":"","_monsterinsights_sitenote_category":0,"_uf_show_specific_survey":0,"_uf_disable_surveys":false,"jetpack_publicize_message":"","jetpack_publicize_feature_enabled":true,"jetpack_social_post_already_shared":false,"jetpack_social_options":{"image_generator_settings":{"template":"highway","default_image_id":0,"font":"","enabled":false},"version":2}},"product_brand":[],"product_cat":[109,192,159],"product_tag":[206,208,207,82,209,210,213,204,180],"class_list":{"0":"post-1308","1":"product","2":"type-product","3":"status-publish","4":"has-post-thumbnail","6":"product_cat-accueil","7":"product_cat-laines","8":"product_cat-tricot","9":"product_tag-bc-garn","10":"product_tag-bio","11":"product_tag-bio-balance","12":"product_tag-coton","13":"product_tag-echeveaux","14":"product_tag-enfant","15":"product_tag-gots","16":"product_tag-laine","17":"product_tag-tricot","19":"first","20":"outofstock","21":"taxable","22":"shipping-taxable","23":"purchasable","24":"product-type-variable"},"aioseo_notices":[],"jetpack_publicize_connections":[],"jetpack_sharing_enabled":true,"_links":{"self":[{"href":"https:\/\/mchoses.fr\/index.php?rest_route=\/wp\/v2\/product\/1308","targetHints":{"allow":["GET"]}}],"collection":[{"href":"https:\/\/mchoses.fr\/index.php?rest_route=\/wp\/v2\/product"}],"about":[{"href":"https:\/\/mchoses.fr\/index.php?rest_route=\/wp\/v2\/types\/product"}],"replies":[{"embeddable":true,"href":"https:\/\/mchoses.fr\/index.php?rest_route=%2Fwp%2Fv2%2Fcomments&post=1308"}],"wp:featuredmedia":[{"embeddable":true,"href":"https:\/\/mchoses.fr\/index.php?rest_route=\/wp\/v2\/media\/1318"}],"wp:attachment":[{"href":"https:\/\/mchoses.fr\/index.php?rest_route=%2Fwp%2Fv2%2Fmedia&parent=1308"}],"wp:term":[{"taxonomy":"product_brand","embeddable":true,"href":"https:\/\/mchoses.fr\/index.php?rest_route=%2Fwp%2Fv2%2Fproduct_brand&post=1308"},{"taxonomy":"product_cat","embeddable":true,"href":"https:\/\/mchoses.fr\/index.php?rest_route=%2Fwp%2Fv2%2Fproduct_cat&post=1308"},{"taxonomy":"product_tag","embeddable":true,"href":"https:\/\/mchoses.fr\/index.php?rest_route=%2Fwp%2Fv2%2Fproduct_tag&post=1308"}],"curies":[{"name":"wp","href":"https:\/\/api.w.org\/{rel}","templated":true}]}}