{"id":1812,"date":"2022-09-22T15:59:56","date_gmt":"2022-09-22T13:59:56","guid":{"rendered":"https:\/\/mchoses.fr\/?post_type=product&#038;p=1812"},"modified":"2026-01-12T17:38:42","modified_gmt":"2026-01-12T16:38:42","slug":"stoppeur-de-cable-metal-chiaogoo","status":"publish","type":"product","link":"https:\/\/mchoses.fr\/?product=stoppeur-de-cable-metal-chiaogoo","title":{"rendered":"STOPPEUR DE CABLE METAL &#8211; CHIAOGOO"},"content":{"rendered":"<h2>STOPPEURS M\u00c9TAL INTERCHANGEABLE TWIST &#8211; CHIAOGOO<\/h2>\n<p>&nbsp;<\/p>\n<p>Recommand\u00e9 pour bloquer un ouvrage sur un c\u00e2ble d&rsquo;aiguilles interchangeables circulaire et utiliser les pointes sur un autre projet.<\/p>\n<p>&nbsp;<\/p>\n<ul class=\"ng-scope\">\n<li>C\u00e2bles diam\u00e8tre MINI (rouge), SMALL (blanc), LARGE (noir)<\/li>\n<li>Conditionnement : 2 stoppeurs<\/li>\n<li>R\u00e9f\u00e9rence Chiaogoo : 2502<\/li>\n<li>Mati\u00e8re aiguilles : acier inox chirurgical et plastique<\/li>\n<\/ul>\n<p>&nbsp;<\/p>\n","protected":false},"excerpt":{"rendered":"<p>STOPPEURS M\u00c9TAL INTERCHANGEABLE TWIST &#8211; CHIAOGOO &nbsp; Recommand\u00e9 pour bloquer un ouvrage sur un c\u00e2ble d&rsquo;aiguilles interchangeables circulaire et utiliser les pointes sur un autre projet. &nbsp; C\u00e2bles diam\u00e8tre MINI &hellip; <\/p>\n","protected":false},"featured_media":1816,"comment_status":"closed","ping_status":"closed","template":"","meta":{"_crdt_document":"","_monsterinsights_skip_tracking":false,"_monsterinsights_sitenote_active":false,"_monsterinsights_sitenote_note":"","_monsterinsights_sitenote_category":0,"_uf_show_specific_survey":0,"_uf_disable_surveys":false,"jetpack_publicize_message":"","jetpack_publicize_feature_enabled":true,"jetpack_social_post_already_shared":false,"jetpack_social_options":{"image_generator_settings":{"template":"highway","default_image_id":0,"font":"","enabled":false},"version":2}},"product_brand":[],"product_cat":[159],"product_tag":[104,292,291,274,176,293,268,281,290],"class_list":{"0":"post-1812","1":"product","2":"type-product","3":"status-publish","4":"has-post-thumbnail","6":"product_cat-tricot","7":"product_tag-accessoire","8":"product_tag-aiguilles-circulaire","9":"product_tag-cable","10":"product_tag-chiaogoo","11":"product_tag-circulaire","12":"product_tag-large","13":"product_tag-mini","14":"product_tag-small","15":"product_tag-stoppeur","17":"first","18":"instock","19":"taxable","20":"shipping-taxable","21":"purchasable","22":"product-type-variable"},"aioseo_notices":[],"jetpack_publicize_connections":[],"jetpack_sharing_enabled":true,"_links":{"self":[{"href":"https:\/\/mchoses.fr\/index.php?rest_route=\/wp\/v2\/product\/1812","targetHints":{"allow":["GET"]}}],"collection":[{"href":"https:\/\/mchoses.fr\/index.php?rest_route=\/wp\/v2\/product"}],"about":[{"href":"https:\/\/mchoses.fr\/index.php?rest_route=\/wp\/v2\/types\/product"}],"replies":[{"embeddable":true,"href":"https:\/\/mchoses.fr\/index.php?rest_route=%2Fwp%2Fv2%2Fcomments&post=1812"}],"wp:featuredmedia":[{"embeddable":true,"href":"https:\/\/mchoses.fr\/index.php?rest_route=\/wp\/v2\/media\/1816"}],"wp:attachment":[{"href":"https:\/\/mchoses.fr\/index.php?rest_route=%2Fwp%2Fv2%2Fmedia&parent=1812"}],"wp:term":[{"taxonomy":"product_brand","embeddable":true,"href":"https:\/\/mchoses.fr\/index.php?rest_route=%2Fwp%2Fv2%2Fproduct_brand&post=1812"},{"taxonomy":"product_cat","embeddable":true,"href":"https:\/\/mchoses.fr\/index.php?rest_route=%2Fwp%2Fv2%2Fproduct_cat&post=1812"},{"taxonomy":"product_tag","embeddable":true,"href":"https:\/\/mchoses.fr\/index.php?rest_route=%2Fwp%2Fv2%2Fproduct_tag&post=1812"}],"curies":[{"name":"wp","href":"https:\/\/api.w.org\/{rel}","templated":true}]}}