{"id":1832,"date":"2022-09-23T11:14:55","date_gmt":"2022-09-23T09:14:55","guid":{"rendered":"https:\/\/mchoses.fr\/?post_type=product&#038;p=1832"},"modified":"2026-01-12T17:38:32","modified_gmt":"2026-01-12T16:38:32","slug":"cables-interchangeable-twist-red-lace-chiaogoo","status":"publish","type":"product","link":"https:\/\/mchoses.fr\/?product=cables-interchangeable-twist-red-lace-chiaogoo","title":{"rendered":"CABLES INTERCHANGEABLE TWIST RED LACE &#8211; CHIAOGOO"},"content":{"rendered":"<h2 class=\"ng-scope\">C\u00e2bles TWIST RED LACE interchangeables &#8211; CHIAOGOO<\/h2>\n<p>&nbsp;<\/p>\n<p class=\"ng-scope\">Recommand\u00e9 pour :<\/p>\n<ul>\n<li>C\u00e2bles M pour les aiguilles de 1,5mm \u00e0 2,5mm<\/li>\n<li>C\u00e2bles S pour les aiguilles de 2.75mm \u00e0 5mm<\/li>\n<li>C\u00e2bles L pour les aiguilles \u00e0 partir de 5.5mm<\/li>\n<\/ul>\n<p>&nbsp;<\/p>\n<p>Le c\u00e2ble \u00abRED\u00bb, compos\u00e9 d\u2019un c\u00e2ble d\u2019acier flexible \u00e0 plusieurs brins est recouvert de nylon rouge qui offre une glisse parfaite. Le c\u00e2ble \u00abRED\u00bb, gr\u00e2ce \u00e0 sa conception, est tr\u00e8s souple, ne coude pas aux jointures et n\u2019a pas d\u2019effet \u00abm\u00e9moire\u00bb.<\/p>\n<p class=\"ng-scope\">Le syst\u00e8me de connexion usin\u00e9 CNC offre une connexion parfaite entre vos aiguilles interchangeables \u00ab RED Lace \u00bb et vos c\u00e2bles \u00ab RED \u00bb<\/p>\n<p class=\"ng-scope\">Enfin, la taille est grav\u00e9e au laser sur chaque c\u00e2ble.<\/p>\n","protected":false},"excerpt":{"rendered":"<p>C\u00e2bles TWIST RED LACE interchangeables &#8211; CHIAOGOO &nbsp; Recommand\u00e9 pour : C\u00e2bles M pour les aiguilles de 1,5mm \u00e0 2,5mm C\u00e2bles S pour les aiguilles de 2.75mm \u00e0 5mm C\u00e2bles &hellip; <\/p>\n","protected":false},"featured_media":1845,"comment_status":"closed","ping_status":"closed","template":"","meta":{"_crdt_document":"","_monsterinsights_skip_tracking":false,"_monsterinsights_sitenote_active":false,"_monsterinsights_sitenote_note":"","_monsterinsights_sitenote_category":0,"_uf_show_specific_survey":0,"_uf_disable_surveys":false,"jetpack_publicize_message":"","jetpack_publicize_feature_enabled":true,"jetpack_social_post_already_shared":false,"jetpack_social_options":{"image_generator_settings":{"template":"highway","default_image_id":0,"font":"","enabled":false},"version":2}},"product_brand":[],"product_cat":[193,159],"product_tag":[177,175,274,176,297,219,299,180,298],"class_list":{"0":"post-1832","1":"product","2":"type-product","3":"status-publish","4":"has-post-thumbnail","6":"product_cat-aiguilles-a-tricoter","7":"product_cat-tricot","8":"product_tag-acier","9":"product_tag-aiguilles","10":"product_tag-chiaogoo","11":"product_tag-circulaire","12":"product_tag-interchangeavle","13":"product_tag-metal","14":"product_tag-red","15":"product_tag-tricot","16":"product_tag-twist","18":"first","19":"instock","20":"taxable","21":"shipping-taxable","22":"purchasable","23":"product-type-variable"},"aioseo_notices":[],"jetpack_publicize_connections":[],"jetpack_sharing_enabled":true,"_links":{"self":[{"href":"https:\/\/mchoses.fr\/index.php?rest_route=\/wp\/v2\/product\/1832","targetHints":{"allow":["GET"]}}],"collection":[{"href":"https:\/\/mchoses.fr\/index.php?rest_route=\/wp\/v2\/product"}],"about":[{"href":"https:\/\/mchoses.fr\/index.php?rest_route=\/wp\/v2\/types\/product"}],"replies":[{"embeddable":true,"href":"https:\/\/mchoses.fr\/index.php?rest_route=%2Fwp%2Fv2%2Fcomments&post=1832"}],"wp:featuredmedia":[{"embeddable":true,"href":"https:\/\/mchoses.fr\/index.php?rest_route=\/wp\/v2\/media\/1845"}],"wp:attachment":[{"href":"https:\/\/mchoses.fr\/index.php?rest_route=%2Fwp%2Fv2%2Fmedia&parent=1832"}],"wp:term":[{"taxonomy":"product_brand","embeddable":true,"href":"https:\/\/mchoses.fr\/index.php?rest_route=%2Fwp%2Fv2%2Fproduct_brand&post=1832"},{"taxonomy":"product_cat","embeddable":true,"href":"https:\/\/mchoses.fr\/index.php?rest_route=%2Fwp%2Fv2%2Fproduct_cat&post=1832"},{"taxonomy":"product_tag","embeddable":true,"href":"https:\/\/mchoses.fr\/index.php?rest_route=%2Fwp%2Fv2%2Fproduct_tag&post=1832"}],"curies":[{"name":"wp","href":"https:\/\/api.w.org\/{rel}","templated":true}]}}