{"id":1858,"date":"2022-09-23T12:13:23","date_gmt":"2022-09-23T10:13:23","guid":{"rendered":"https:\/\/mchoses.fr\/?post_type=product&#038;p=1858"},"modified":"2026-01-12T17:38:31","modified_gmt":"2026-01-12T16:38:31","slug":"aiguilles-circulaires-fixes-metal-chiaogoo-knit-red-80cm","status":"publish","type":"product","link":"https:\/\/mchoses.fr\/?product=aiguilles-circulaires-fixes-metal-chiaogoo-knit-red-80cm","title":{"rendered":"Aiguilles circulaires fixes m\u00e9tal CHIAOGOO &#8211; KNIT RED (80cm)"},"content":{"rendered":"<h2 class=\"ng-scope\"><span class=\"ng-scope\">Aiguilles circulaires fixes RED LACE en 80cm (32&Prime;) &#8211; CHIAOGOO<\/span><\/h2>\n<p>&nbsp;<\/p>\n<ul class=\"ng-scope\">\n<li>Num\u00e9ro d\u2019aiguille : 2mm \u00e0 10 mm (0\u201d US)<\/li>\n<li>Longueur : 80cm (32\u201d US)<\/li>\n<li>R\u00e9f\u00e9rence Chiaogoo: 7032-0<\/li>\n<li>Mati\u00e8re aiguilles : acier inox chirurgical<\/li>\n<\/ul>\n<p>&nbsp;<\/p>\n<p class=\"ng-scope\"><span class=\"ng-scope\">Recommand\u00e9 pour<\/span><span class=\"ng-scope\"> corps de pull adultes, les petites circonf\u00e9rences peuvent \u00eatre r\u00e9alis\u00e9es en <em>magic loop<\/em>.<\/span><br class=\"ng-scope\" \/><br class=\"ng-scope\" \/><span class=\"ng-scope\">Les aiguilles circulaires fixes \u00abRED Lace\u00bb Chiaogoo sont fabriqu\u00e9es en acier chirurgical. L\u00e9g\u00e8res, solides et inoxydables, elles sont douces au toucher et leur finition satin\u00e9e anti-reflet vous apportera un confort et une pr\u00e9cision de tricotage incomparable.<\/span><br class=\"ng-scope\" \/><br class=\"ng-scope\" \/><span class=\"ng-scope\">Le c\u00e2ble \u00abRED\u00bb, compos\u00e9 d\u2019un c\u00e2ble d\u2019acier flexible \u00e0 plusieurs brins est recouvert de nylon rouge offrant une glisse parfaite. Le c\u00e2ble \u00abRED\u00bb, gr\u00e2ce \u00e0 sa conception, est tr\u00e8s souple, ne coude pas aux jointures et n\u2019as pas d\u2019effet \u00abm\u00e9moire\u00bb.<\/span><br class=\"ng-scope\" \/><span class=\"ng-scope\">Enfin, la taille est grav\u00e9e au laser sur chaque aiguille.<\/span><\/p>\n","protected":false},"excerpt":{"rendered":"<p>Aiguilles circulaires fixes RED LACE en 80cm (32&Prime;) &#8211; CHIAOGOO &nbsp; Num\u00e9ro d\u2019aiguille : 2mm \u00e0 10 mm (0\u201d US) Longueur : 80cm (32\u201d US) R\u00e9f\u00e9rence Chiaogoo: 7032-0 Mati\u00e8re aiguilles &hellip; <\/p>\n","protected":false},"featured_media":1191,"comment_status":"closed","ping_status":"closed","template":"","meta":{"_crdt_document":"","_monsterinsights_skip_tracking":false,"_monsterinsights_sitenote_active":false,"_monsterinsights_sitenote_note":"","_monsterinsights_sitenote_category":0,"_uf_show_specific_survey":0,"_uf_disable_surveys":false,"jetpack_publicize_message":"","jetpack_publicize_feature_enabled":true,"jetpack_social_post_already_shared":false,"jetpack_social_options":{"image_generator_settings":{"template":"highway","default_image_id":0,"font":"","enabled":false},"version":2}},"product_brand":[],"product_cat":[193,159],"product_tag":[302,177,175,178,274,176,181,179,219,180],"class_list":{"0":"post-1858","1":"product","2":"type-product","3":"status-publish","4":"has-post-thumbnail","6":"product_cat-aiguilles-a-tricoter","7":"product_cat-tricot","8":"product_tag-80-cm","9":"product_tag-acier","10":"product_tag-aiguilles","11":"product_tag-chaussettes","12":"product_tag-chiaogoo","13":"product_tag-circulaire","14":"product_tag-knit-red","15":"product_tag-layette","16":"product_tag-metal","17":"product_tag-tricot","19":"first","20":"instock","21":"taxable","22":"shipping-taxable","23":"purchasable","24":"product-type-variable"},"aioseo_notices":[],"jetpack_publicize_connections":[],"jetpack_sharing_enabled":true,"_links":{"self":[{"href":"https:\/\/mchoses.fr\/index.php?rest_route=\/wp\/v2\/product\/1858","targetHints":{"allow":["GET"]}}],"collection":[{"href":"https:\/\/mchoses.fr\/index.php?rest_route=\/wp\/v2\/product"}],"about":[{"href":"https:\/\/mchoses.fr\/index.php?rest_route=\/wp\/v2\/types\/product"}],"replies":[{"embeddable":true,"href":"https:\/\/mchoses.fr\/index.php?rest_route=%2Fwp%2Fv2%2Fcomments&post=1858"}],"wp:featuredmedia":[{"embeddable":true,"href":"https:\/\/mchoses.fr\/index.php?rest_route=\/wp\/v2\/media\/1191"}],"wp:attachment":[{"href":"https:\/\/mchoses.fr\/index.php?rest_route=%2Fwp%2Fv2%2Fmedia&parent=1858"}],"wp:term":[{"taxonomy":"product_brand","embeddable":true,"href":"https:\/\/mchoses.fr\/index.php?rest_route=%2Fwp%2Fv2%2Fproduct_brand&post=1858"},{"taxonomy":"product_cat","embeddable":true,"href":"https:\/\/mchoses.fr\/index.php?rest_route=%2Fwp%2Fv2%2Fproduct_cat&post=1858"},{"taxonomy":"product_tag","embeddable":true,"href":"https:\/\/mchoses.fr\/index.php?rest_route=%2Fwp%2Fv2%2Fproduct_tag&post=1858"}],"curies":[{"name":"wp","href":"https:\/\/api.w.org\/{rel}","templated":true}]}}