{"id":1886,"date":"2022-09-23T13:27:43","date_gmt":"2022-09-23T11:27:43","guid":{"rendered":"https:\/\/mchoses.fr\/?post_type=product&#038;p=1886"},"modified":"2026-01-12T17:38:31","modified_gmt":"2026-01-12T16:38:31","slug":"aiguilles-interchangeables-twist-red-lace-13-cm-chiaogoo","status":"publish","type":"product","link":"https:\/\/mchoses.fr\/?product=aiguilles-interchangeables-twist-red-lace-13-cm-chiaogoo","title":{"rendered":"AIGUILLES INTERCHANGEABLES TWIST RED LACE (13 cm ) &#8211; CHIAOGOO"},"content":{"rendered":"<h2 class=\"ng-scope\">Aiguilles interchangeables TWIST RED LACE (13 cm ( 5\u201d )) &#8211; CHIAOGOO<\/h2>\n<p>&nbsp;<\/p>\n<ul>\n<li>Compatible avec les c\u00e2bles de taille :<\/li>\n<\/ul>\n<p>&#8211; c\u00e2ble M pour le aiguilles de 2 mm, 2,25 mm et 2,5 mm<\/p>\n<p>&#8211; c\u00e2bles S pour les aiguilles de 2.75mm \u00e0 5mm<\/p>\n<p>&#8211; c\u00e2bles L pour les aiguilles \u00e0 partir de 5.5mm<\/p>\n<p>&nbsp;<\/p>\n<ul>\n<li>Num\u00e9ro d\u2019aiguille : 2 mm \u00e0 10 mm<\/li>\n<li>Longueur : 13 cm (5\u201d US)<\/li>\n<li>Mati\u00e8re aiguilles : acier inox chirurgical<\/li>\n<\/ul>\n<p>&nbsp;<\/p>\n<p class=\"ng-scope\">Recommand\u00e9 pour le confort des interchangeables pour les petites circonf\u00e9rences.<\/p>\n<p class=\"ng-scope\">Les aiguilles interchangeables \u00ab RED Lace \u00bb Chiaogoo sont fabriqu\u00e9es en acier chirurgical. L\u00e9g\u00e8res, solides et inoxydables, elles sont douces au toucher et leur finition satin\u00e9e anti-reflet vous apportera un confort et une pr\u00e9cision de tricotage incomparable.<\/p>\n<p class=\"ng-scope\">Le syst\u00e8me de connexion usin\u00e9 CNC offre une connexion parfaite entre vos aiguilles interchangeables \u00ab RED Lace \u00bb et vos c\u00e2bles \u00ab RED \u00bb<\/p>\n<p class=\"ng-scope\">La taille est grav\u00e9e au laser sur chaque aiguille et chaque c\u00e2ble.<\/p>\n","protected":false},"excerpt":{"rendered":"<p>Aiguilles interchangeables TWIST RED LACE (13 cm ( 5\u201d )) &#8211; CHIAOGOO &nbsp; Compatible avec les c\u00e2bles de taille : &#8211; c\u00e2ble M pour le aiguilles de 2 mm, 2,25 &hellip; <\/p>\n","protected":false},"featured_media":1831,"comment_status":"closed","ping_status":"closed","template":"","meta":{"_crdt_document":"","_monsterinsights_skip_tracking":false,"_monsterinsights_sitenote_active":false,"_monsterinsights_sitenote_note":"","_monsterinsights_sitenote_category":0,"_uf_show_specific_survey":0,"_uf_disable_surveys":false,"jetpack_publicize_message":"","jetpack_publicize_feature_enabled":true,"jetpack_social_post_already_shared":false,"jetpack_social_options":{"image_generator_settings":{"template":"highway","default_image_id":0,"font":"","enabled":false},"version":2}},"product_brand":[],"product_cat":[193,159],"product_tag":[304,177,175,274,176,294,219,180,295],"class_list":{"0":"post-1886","1":"product","2":"type-product","3":"status-publish","4":"has-post-thumbnail","6":"product_cat-aiguilles-a-tricoter","7":"product_cat-tricot","8":"product_tag-13-cm","9":"product_tag-acier","10":"product_tag-aiguilles","11":"product_tag-chiaogoo","12":"product_tag-circulaire","13":"product_tag-interchangeable","14":"product_tag-metal","15":"product_tag-tricot","16":"product_tag-twist-red-lace","18":"first","19":"instock","20":"taxable","21":"shipping-taxable","22":"purchasable","23":"product-type-variable"},"aioseo_notices":[],"jetpack_publicize_connections":[],"jetpack_sharing_enabled":true,"_links":{"self":[{"href":"https:\/\/mchoses.fr\/index.php?rest_route=\/wp\/v2\/product\/1886","targetHints":{"allow":["GET"]}}],"collection":[{"href":"https:\/\/mchoses.fr\/index.php?rest_route=\/wp\/v2\/product"}],"about":[{"href":"https:\/\/mchoses.fr\/index.php?rest_route=\/wp\/v2\/types\/product"}],"replies":[{"embeddable":true,"href":"https:\/\/mchoses.fr\/index.php?rest_route=%2Fwp%2Fv2%2Fcomments&post=1886"}],"wp:featuredmedia":[{"embeddable":true,"href":"https:\/\/mchoses.fr\/index.php?rest_route=\/wp\/v2\/media\/1831"}],"wp:attachment":[{"href":"https:\/\/mchoses.fr\/index.php?rest_route=%2Fwp%2Fv2%2Fmedia&parent=1886"}],"wp:term":[{"taxonomy":"product_brand","embeddable":true,"href":"https:\/\/mchoses.fr\/index.php?rest_route=%2Fwp%2Fv2%2Fproduct_brand&post=1886"},{"taxonomy":"product_cat","embeddable":true,"href":"https:\/\/mchoses.fr\/index.php?rest_route=%2Fwp%2Fv2%2Fproduct_cat&post=1886"},{"taxonomy":"product_tag","embeddable":true,"href":"https:\/\/mchoses.fr\/index.php?rest_route=%2Fwp%2Fv2%2Fproduct_tag&post=1886"}],"curies":[{"name":"wp","href":"https:\/\/api.w.org\/{rel}","templated":true}]}}