{"id":2318,"date":"2022-09-27T15:43:30","date_gmt":"2022-09-27T13:43:30","guid":{"rendered":"https:\/\/mchoses.fr\/?post_type=product&#038;p=2318"},"modified":"2024-12-09T14:40:18","modified_gmt":"2024-12-09T13:40:18","slug":"crochets-en-bambou-clover","status":"publish","type":"product","link":"https:\/\/mchoses.fr\/?product=crochets-en-bambou-clover","title":{"rendered":"Crochets en bambou &#8211; CLOVER"},"content":{"rendered":"<h2>Crochets en bambou pour r\u00e9parer les points &#8211; CLOVER<\/h2>\n<p>&nbsp;<\/p>\n<ul>\n<li>Chaque pack contient 2 crochets en bambou:\n<ul>\n<li>Un crochet de 3.5 mm.<\/li>\n<li>Un crochet de 4.5 mm.<\/li>\n<\/ul>\n<\/li>\n<\/ul>\n<p>&nbsp;<\/p>\n<p>Les\u00a0Crochets en bambou pour r\u00e9parer les mailles de la marque Clover\u00a0vous aideront \u00e0 rattraper les mailles l\u00e2ches et d\u2019autres erreurs lors du tricotage de vos pi\u00e8ces.<\/p>\n<p>Ces aiguilles disposent d\u2019une extr\u00e9mit\u00e9 pointue qui sert \u00e0 d\u00e9m\u00ealer le fil, et une autre sous forme de crochet pour ramasser les mailles et en ajouter des nouvelles.<\/p>\n<p>Le bois \u00e0 partir duquel ces crochets sont faits est r\u00e9sistant, lisse, poli et agr\u00e9able au toucher.<\/p>\n","protected":false},"excerpt":{"rendered":"<p>Crochets en bambou pour r\u00e9parer les points &#8211; CLOVER &nbsp; Chaque pack contient 2 crochets en bambou: Un crochet de 3.5 mm. Un crochet de 4.5 mm. &nbsp; Les\u00a0Crochets en &hellip; <\/p>\n","protected":false},"featured_media":2319,"comment_status":"open","ping_status":"closed","template":"","meta":{"_crdt_document":"","_monsterinsights_skip_tracking":false,"_monsterinsights_sitenote_active":false,"_monsterinsights_sitenote_note":"","_monsterinsights_sitenote_category":0,"_uf_show_specific_survey":0,"_uf_disable_surveys":false,"jetpack_publicize_message":"","jetpack_publicize_feature_enabled":true,"jetpack_social_post_already_shared":false,"jetpack_social_options":{"image_generator_settings":{"template":"highway","default_image_id":0,"font":"","enabled":false},"version":2}},"product_brand":[],"product_cat":[193,160,167,203,200,159],"product_tag":[175,284,170,169,425,180],"class_list":{"0":"post-2318","1":"product","2":"type-product","3":"status-publish","4":"has-post-thumbnail","6":"product_cat-aiguilles-a-tricoter","7":"product_cat-couture","8":"product_cat-crochet","9":"product_cat-crochets-et-accessoires","10":"product_cat-mercerie","11":"product_cat-tricot","12":"product_tag-aiguilles","13":"product_tag-bois","14":"product_tag-clover","15":"product_tag-crochet","16":"product_tag-reparation","17":"product_tag-tricot","19":"first","20":"instock","21":"taxable","22":"shipping-taxable","23":"purchasable","24":"product-type-simple"},"aioseo_notices":[],"jetpack_publicize_connections":[],"jetpack_sharing_enabled":true,"_links":{"self":[{"href":"https:\/\/mchoses.fr\/index.php?rest_route=\/wp\/v2\/product\/2318","targetHints":{"allow":["GET"]}}],"collection":[{"href":"https:\/\/mchoses.fr\/index.php?rest_route=\/wp\/v2\/product"}],"about":[{"href":"https:\/\/mchoses.fr\/index.php?rest_route=\/wp\/v2\/types\/product"}],"replies":[{"embeddable":true,"href":"https:\/\/mchoses.fr\/index.php?rest_route=%2Fwp%2Fv2%2Fcomments&post=2318"}],"wp:featuredmedia":[{"embeddable":true,"href":"https:\/\/mchoses.fr\/index.php?rest_route=\/wp\/v2\/media\/2319"}],"wp:attachment":[{"href":"https:\/\/mchoses.fr\/index.php?rest_route=%2Fwp%2Fv2%2Fmedia&parent=2318"}],"wp:term":[{"taxonomy":"product_brand","embeddable":true,"href":"https:\/\/mchoses.fr\/index.php?rest_route=%2Fwp%2Fv2%2Fproduct_brand&post=2318"},{"taxonomy":"product_cat","embeddable":true,"href":"https:\/\/mchoses.fr\/index.php?rest_route=%2Fwp%2Fv2%2Fproduct_cat&post=2318"},{"taxonomy":"product_tag","embeddable":true,"href":"https:\/\/mchoses.fr\/index.php?rest_route=%2Fwp%2Fv2%2Fproduct_tag&post=2318"}],"curies":[{"name":"wp","href":"https:\/\/api.w.org\/{rel}","templated":true}]}}