{"id":3324,"date":"2023-08-02T18:02:27","date_gmt":"2023-08-02T16:02:27","guid":{"rendered":"https:\/\/mchoses.fr\/?post_type=product&#038;p=3324"},"modified":"2026-04-23T10:24:51","modified_gmt":"2026-04-23T08:24:51","slug":"tricot","status":"publish","type":"product","link":"https:\/\/mchoses.fr\/?product=tricot","title":{"rendered":"Gouter Laines"},"content":{"rendered":"<h3><span dir=\"auto\" style=\"vertical-align: inherit;\"><span dir=\"auto\" style=\"vertical-align: inherit;\">TRICOT DE GOUTTER<\/span><\/span><\/h3>\n<p><span dir=\"auto\" style=\"vertical-align: inherit;\"><span dir=\"auto\" style=\"vertical-align: inherit;\">Rejoignez-nous lors des tricoth\u00e9s, ces RDV conviviaux o\u00f9 passion et bonne humeur se rencontrent. Que vous soyez d\u00e9butant(e) ou expert(e), venez tricoter, crocheter, broder dans une ambiance \u00e9tendue autour d&rsquo;une tasse de th\u00e9 ou de caf\u00e9. C&rsquo;est l&rsquo;occasion parfaite pour avancer vos projets (ou pas) \u00e9changer des astuces, d\u00e9couvrir des id\u00e9es inspirantes et surtout, passer un moment agr\u00e9able au milieu d&rsquo;un environnement laineux.<\/span><\/span><\/p>\n<p><span dir=\"auto\" style=\"vertical-align: inherit;\"><span dir=\"auto\" style=\"vertical-align: inherit;\">Pour rendre les RDV encore plus gourmands, chaque participant(e) est invit\u00e9(e) \u00e0 apporter une petite douceur \u00e0 partager.<\/span><\/span><\/p>\n<h4><em><span dir=\"auto\" style=\"vertical-align: inherit;\"><span dir=\"auto\" style=\"vertical-align: inherit;\">Tarif : 5 \u20ac<\/span><\/span><\/em><\/h4>\n<p><span dir=\"auto\" style=\"vertical-align: inherit;\"><span dir=\"auto\" style=\"vertical-align: inherit;\">Inscription possible \u00e9galement en boutique.<\/span><\/span><\/p>\n<p><span dir=\"auto\" style=\"vertical-align: inherit;\"><span dir=\"auto\" style=\"vertical-align: inherit;\">Le paiement s&rsquo;effectue \u00e0 l&rsquo;inscription et en cas d&rsquo;annulation moins de 48h \u00e0 l&rsquo;avance, le go\u00fbter sera d\u00fb.<\/span><\/span><\/p>\n<p><strong><em><span dir=\"auto\" style=\"vertical-align: inherit;\"><span dir=\"auto\" style=\"vertical-align: inherit;\">Attention ce n&rsquo;est pas un cours et les places sont limit\u00e9es \u00e0 10 participant(e)s !<\/span><\/span><\/em><\/strong><\/p>\n<p><a href=\"http:\/\/mchoses.fr\"><span dir=\"auto\" style=\"vertical-align: inherit;\"><span dir=\"auto\" style=\"vertical-align: inherit;\">mchoses.fr<\/span><\/span><\/a><\/p>\n","protected":false},"excerpt":{"rendered":"<p>TRICOT DE GOUTTER Rejoignez-nous lors des tricoth\u00e9s, ces RDV conviviaux o\u00f9 passion et bonne humeur se rencontrent. Que vous soyez d\u00e9butant(e) ou expert(e), venez tricoter, crocheter, broder dans une ambiance &hellip; <\/p>\n","protected":false},"featured_media":4263,"comment_status":"open","ping_status":"closed","template":"","meta":{"_crdt_document":"","_monsterinsights_skip_tracking":false,"_monsterinsights_sitenote_active":false,"_monsterinsights_sitenote_note":"","_monsterinsights_sitenote_category":0,"_uf_show_specific_survey":0,"_uf_disable_surveys":false,"jetpack_publicize_message":"","jetpack_publicize_feature_enabled":true,"jetpack_social_post_already_shared":false,"jetpack_social_options":{"image_generator_settings":{"template":"highway","default_image_id":0,"font":"","enabled":false},"version":2}},"product_brand":[],"product_cat":[109,168,159],"product_tag":[175,592,513,591,169,547,309,514,512,204,180],"class_list":{"0":"post-3324","1":"product","2":"type-product","3":"status-publish","4":"has-post-thumbnail","6":"product_cat-accueil","7":"product_cat-ateliers","8":"product_cat-tricot","9":"product_tag-aiguilles","10":"product_tag-apres-midi","11":"product_tag-atelier","12":"product_tag-convivialite","13":"product_tag-crochet","14":"product_tag-ensemble","15":"product_tag-fils","16":"product_tag-gourmandise","17":"product_tag-gouter","18":"product_tag-laine","19":"product_tag-tricot","21":"first","22":"instock","23":"featured","24":"taxable","25":"shipping-taxable","26":"purchasable","27":"product-type-variable"},"aioseo_notices":[],"jetpack_publicize_connections":[],"jetpack_sharing_enabled":true,"_links":{"self":[{"href":"https:\/\/mchoses.fr\/index.php?rest_route=\/wp\/v2\/product\/3324","targetHints":{"allow":["GET"]}}],"collection":[{"href":"https:\/\/mchoses.fr\/index.php?rest_route=\/wp\/v2\/product"}],"about":[{"href":"https:\/\/mchoses.fr\/index.php?rest_route=\/wp\/v2\/types\/product"}],"replies":[{"embeddable":true,"href":"https:\/\/mchoses.fr\/index.php?rest_route=%2Fwp%2Fv2%2Fcomments&post=3324"}],"wp:featuredmedia":[{"embeddable":true,"href":"https:\/\/mchoses.fr\/index.php?rest_route=\/wp\/v2\/media\/4263"}],"wp:attachment":[{"href":"https:\/\/mchoses.fr\/index.php?rest_route=%2Fwp%2Fv2%2Fmedia&parent=3324"}],"wp:term":[{"taxonomy":"product_brand","embeddable":true,"href":"https:\/\/mchoses.fr\/index.php?rest_route=%2Fwp%2Fv2%2Fproduct_brand&post=3324"},{"taxonomy":"product_cat","embeddable":true,"href":"https:\/\/mchoses.fr\/index.php?rest_route=%2Fwp%2Fv2%2Fproduct_cat&post=3324"},{"taxonomy":"product_tag","embeddable":true,"href":"https:\/\/mchoses.fr\/index.php?rest_route=%2Fwp%2Fv2%2Fproduct_tag&post=3324"}],"curies":[{"name":"wp","href":"https:\/\/api.w.org\/{rel}","templated":true}]}}