{"id":3679,"date":"2023-11-27T11:09:24","date_gmt":"2023-11-27T10:09:24","guid":{"rendered":"https:\/\/mchoses.fr\/?post_type=product&#038;p=3679"},"modified":"2025-10-13T09:04:42","modified_gmt":"2025-10-13T07:04:42","slug":"kit-daiguilles-interchangeables-twist-red-lace-s-chiaogoo","status":"publish","type":"product","link":"https:\/\/mchoses.fr\/?product=kit-daiguilles-interchangeables-twist-red-lace-s-chiaogoo","title":{"rendered":"Kit d\u2019Aiguilles interchangeables TWIST RED LACE \u00ab\u00a0S\u00a0\u00bb &#8211; CHIAOGOO"},"content":{"rendered":"<h2 class=\"ng-scope\">Kit d\u2019Aiguilles interchangeables TWIST RED LACE \u00ab\u00a0S\u00a0\u00bb<\/h2>\n<div class=\"ng-scope\">\n<div>\n<div class=\"ng-scope\">Le Kit d\u2019Aiguilles interchangeables TWIST RED LACE small 10cm\u00a0 ( 4\u201d )<\/div>\n<ul class=\"ng-scope\">\n<li>Num\u00e9ro d\u2019aiguille : de 2.75 \u00e0 5mm (2\u201d \u00e0 8\u201d US)<\/li>\n<li>Longueur : 10 cm (4\u201d US)<\/li>\n<li>R\u00e9f\u00e9rence Chiaogoo : 7400-S<\/li>\n<li>Mati\u00e8re aiguilles : acier inox chirurgical<\/li>\n<\/ul>\n<div>Cet ensemble comprend\u00a0:<\/div>\n<ul>\n<li>7 paires d\u2019aiguilles interchangeables LACE dans les tailles suivantes :<\/li>\n<\/ul>\n<div>mm : 2.75 \/ 3.25 \/ 3.5 \/ 3.75 \/ 4 \/ 4.5 \/ 5<\/div>\n<ul>\n<li>4 c\u00e2ble S \u00ab RED \u00bb en 20(x2), 35 et 55cm<\/li>\n<li>12 marqueurs de mailles<\/li>\n<li>une jauge \u00e0 aiguille<\/li>\n<li>2 cl\u00e9s de serrage<\/li>\n<li>1 connecteur de c\u00e2ble<\/li>\n<li>2 stoppeurs de c\u00e2ble<\/li>\n<li>1 petite boite de rangement pour les accessoires<\/li>\n<li>une jolie pochette de rangement de 20.5 cm x 15 cm avec une poche ext\u00e9rieure pour accueillir vos accessoires et un trieur num\u00e9rot\u00e9 pour ranger facilement vos aiguilles.<\/li>\n<\/ul>\n<div class=\"ng-scope\">Recommand\u00e9 pour\u00a0: tout avoir sous la main<br \/>\n<em>Attention : les kits ne contiennent pas les pointes 3 mm, il faut les commander s\u00e9par\u00e9ment<\/em><\/div>\n<div><\/div>\n<div class=\"ng-scope\">\n<div>Les aiguilles interchangeables \u00ab RED Lace \u00bb Chiaogoo sont fabriqu\u00e9es en acier chirurgical. L\u00e9g\u00e8res, solides et inoxydables, elles sont douces au toucher et leur finition satin\u00e9e antireflet vous apportera un confort et une pr\u00e9cision de tricotage incomparable.<\/div>\n<div><\/div>\n<\/div>\n<\/div>\n<div>Le c\u00e2ble \u00ab RED \u00bb, compos\u00e9 d\u2019un c\u00e2ble d\u2019acier flexible \u00e0 plusieurs brins est recouvert de nylon rouge qui offre une glisse parfaite. Le c\u00e2ble \u00ab RED \u00bb, gr\u00e2ce \u00e0 sa conception, est tr\u00e8s souple, ne coude pas aux jointures et n\u2019as pas d\u2019effet \u00ab m\u00e9moire \u00bb.<\/div>\n<div><\/div>\n<div>Le syst\u00e8me de connexion usin\u00e9 CNC offre une connexion parfaite entre vos aiguilles interchangeables \u00ab RED Lace \u00bb et vos c\u00e2bles \u00ab RED \u00bb<\/div>\n<div><\/div>\n<div>Enfin, la taille est grav\u00e9e au laser sur chaque aiguille et chaque c\u00e2ble.<\/div>\n<\/div>\n","protected":false},"excerpt":{"rendered":"<p>Kit d\u2019Aiguilles interchangeables TWIST RED LACE \u00ab\u00a0S\u00a0\u00bb Le Kit d\u2019Aiguilles interchangeables TWIST RED LACE small 10cm\u00a0 ( 4\u201d ) Num\u00e9ro d\u2019aiguille : de 2.75 \u00e0 5mm (2\u201d \u00e0 8\u201d US) &hellip; <\/p>\n","protected":false},"featured_media":3690,"comment_status":"open","ping_status":"closed","template":"","meta":{"_crdt_document":"","_monsterinsights_skip_tracking":false,"_monsterinsights_sitenote_active":false,"_monsterinsights_sitenote_note":"","_monsterinsights_sitenote_category":0,"_uf_show_specific_survey":0,"_uf_disable_surveys":false,"jetpack_publicize_message":"","jetpack_publicize_feature_enabled":true,"jetpack_social_post_already_shared":true,"jetpack_social_options":{"image_generator_settings":{"template":"highway","default_image_id":0,"font":"","enabled":false},"version":2}},"product_brand":[],"product_cat":[193,197,159],"product_tag":[241,177,175,178,274,176,277,278,204,179,219,268,545,279,180,280],"class_list":{"0":"post-3679","1":"product","2":"type-product","3":"status-publish","4":"has-post-thumbnail","6":"product_cat-aiguilles-a-tricoter","7":"product_cat-kits","8":"product_cat-tricot","9":"product_tag-accessoires","10":"product_tag-acier","11":"product_tag-aiguilles","12":"product_tag-chaussettes","13":"product_tag-chiaogoo","14":"product_tag-circulaire","15":"product_tag-kit","16":"product_tag-lace","17":"product_tag-laine","18":"product_tag-layette","19":"product_tag-metal","20":"product_tag-mini","21":"product_tag-pelote","22":"product_tag-shorties-mini","23":"product_tag-tricot","24":"product_tag-twist-redinterchangeable","26":"first","27":"onbackorder","28":"taxable","29":"shipping-taxable","30":"purchasable","31":"product-type-simple"},"aioseo_notices":[],"jetpack_publicize_connections":[],"jetpack_sharing_enabled":true,"_links":{"self":[{"href":"https:\/\/mchoses.fr\/index.php?rest_route=\/wp\/v2\/product\/3679","targetHints":{"allow":["GET"]}}],"collection":[{"href":"https:\/\/mchoses.fr\/index.php?rest_route=\/wp\/v2\/product"}],"about":[{"href":"https:\/\/mchoses.fr\/index.php?rest_route=\/wp\/v2\/types\/product"}],"replies":[{"embeddable":true,"href":"https:\/\/mchoses.fr\/index.php?rest_route=%2Fwp%2Fv2%2Fcomments&post=3679"}],"wp:featuredmedia":[{"embeddable":true,"href":"https:\/\/mchoses.fr\/index.php?rest_route=\/wp\/v2\/media\/3690"}],"wp:attachment":[{"href":"https:\/\/mchoses.fr\/index.php?rest_route=%2Fwp%2Fv2%2Fmedia&parent=3679"}],"wp:term":[{"taxonomy":"product_brand","embeddable":true,"href":"https:\/\/mchoses.fr\/index.php?rest_route=%2Fwp%2Fv2%2Fproduct_brand&post=3679"},{"taxonomy":"product_cat","embeddable":true,"href":"https:\/\/mchoses.fr\/index.php?rest_route=%2Fwp%2Fv2%2Fproduct_cat&post=3679"},{"taxonomy":"product_tag","embeddable":true,"href":"https:\/\/mchoses.fr\/index.php?rest_route=%2Fwp%2Fv2%2Fproduct_tag&post=3679"}],"curies":[{"name":"wp","href":"https:\/\/api.w.org\/{rel}","templated":true}]}}