{"id":4023,"date":"2023-11-29T20:45:36","date_gmt":"2023-11-29T19:45:36","guid":{"rendered":"https:\/\/mchoses.fr\/?post_type=product&#038;p=4023"},"modified":"2024-12-20T10:34:51","modified_gmt":"2024-12-20T09:34:51","slug":"garde-robe","status":"publish","type":"product","link":"https:\/\/mchoses.fr\/?product=garde-robe","title":{"rendered":"Garde-robe"},"content":{"rendered":"<div class=\"i6adX fggS- cell\">\n<section class=\"_2RbVQ\" data-hook=\"description-wrapper\">\n<div class=\"_3nbVj\">\n<div class=\"_3cRjW\" data-hook=\"content-wrapper\">\n<div class=\"_2tV5m fggS- cell\">Livre de 5 patrons de v\u00eatements au tricot, en fran\u00e7ais<\/div>\n<p>Cette collection regroupe 5 patrons de v\u00eatements qui constitueront les fondations de votre garde-robe tricot\u00e9e main. Des pi\u00e8ces intemporelles, d\u00e9clinables d&rsquo;une multitude de fa\u00e7ons, que vous prendrez plaisir \u00e0 tricoter et \u00e0 porter.<\/p>\n<p>Les patrons sont grad\u00e9s du XS au 5XL. Ils conviennent aux tricoteurs et tricoteuses de tous les niveaux. Le livre inclus des liens vers des tutoriels vid\u00e9os pour les diff\u00e9rentes techniques rencontr\u00e9es.<\/p>\n<\/div>\n<\/div>\n<\/section>\n<\/div>\n<div class=\"_2oLDp fggS- cell\">\n<div dir=\"ltr\">\n<div class=\"rah-static rah-static--height-auto\" aria-hidden=\"false\">\n<div class=\"_1yvxJ fggS- cell\">\n<div class=\"WncCi\" data-hook=\"info-section-description\">\n<p>Impression de haute qualit\u00e9 en couleur<br \/>\nImprim\u00e9 en France<br \/>\n57 pages<br \/>\nCouverture souple<br \/>\nDimensions du livre : 20,5 cm x 25,5 cm<\/p>\n<\/div>\n<\/div>\n<\/div>\n<\/div>\n<\/div>\n","protected":false},"excerpt":{"rendered":"<p>Livre de 5 patrons de v\u00eatements au tricot, en fran\u00e7ais Cette collection regroupe 5 patrons de v\u00eatements qui constitueront les fondations de votre garde-robe tricot\u00e9e main. Des pi\u00e8ces intemporelles, d\u00e9clinables &hellip; <\/p>\n","protected":false},"featured_media":4024,"comment_status":"closed","ping_status":"closed","template":"","meta":{"_crdt_document":"","_monsterinsights_skip_tracking":false,"_monsterinsights_sitenote_active":false,"_monsterinsights_sitenote_note":"","_monsterinsights_sitenote_category":0,"_uf_show_specific_survey":0,"_uf_disable_surveys":false,"jetpack_publicize_message":"","jetpack_publicize_feature_enabled":true,"jetpack_social_post_already_shared":true,"jetpack_social_options":{"image_generator_settings":{"template":"highway","default_image_id":0,"font":"","enabled":false},"version":2}},"product_brand":[],"product_cat":[560],"product_tag":[515,176,204,561,562,180],"class_list":{"0":"post-4023","1":"product","2":"type-product","3":"status-publish","4":"has-post-thumbnail","6":"product_cat-librairie","7":"product_tag-aiguilles-circulaires","8":"product_tag-circulaire","9":"product_tag-laine","10":"product_tag-livre","11":"product_tag-pull","12":"product_tag-tricot","14":"first","15":"instock","16":"taxable","17":"shipping-taxable","18":"purchasable","19":"product-type-simple"},"aioseo_notices":[],"jetpack_publicize_connections":[],"jetpack_sharing_enabled":true,"_links":{"self":[{"href":"https:\/\/mchoses.fr\/index.php?rest_route=\/wp\/v2\/product\/4023","targetHints":{"allow":["GET"]}}],"collection":[{"href":"https:\/\/mchoses.fr\/index.php?rest_route=\/wp\/v2\/product"}],"about":[{"href":"https:\/\/mchoses.fr\/index.php?rest_route=\/wp\/v2\/types\/product"}],"replies":[{"embeddable":true,"href":"https:\/\/mchoses.fr\/index.php?rest_route=%2Fwp%2Fv2%2Fcomments&post=4023"}],"wp:featuredmedia":[{"embeddable":true,"href":"https:\/\/mchoses.fr\/index.php?rest_route=\/wp\/v2\/media\/4024"}],"wp:attachment":[{"href":"https:\/\/mchoses.fr\/index.php?rest_route=%2Fwp%2Fv2%2Fmedia&parent=4023"}],"wp:term":[{"taxonomy":"product_brand","embeddable":true,"href":"https:\/\/mchoses.fr\/index.php?rest_route=%2Fwp%2Fv2%2Fproduct_brand&post=4023"},{"taxonomy":"product_cat","embeddable":true,"href":"https:\/\/mchoses.fr\/index.php?rest_route=%2Fwp%2Fv2%2Fproduct_cat&post=4023"},{"taxonomy":"product_tag","embeddable":true,"href":"https:\/\/mchoses.fr\/index.php?rest_route=%2Fwp%2Fv2%2Fproduct_tag&post=4023"}],"curies":[{"name":"wp","href":"https:\/\/api.w.org\/{rel}","templated":true}]}}