{"id":5057,"date":"2024-09-23T17:36:25","date_gmt":"2024-09-23T15:36:25","guid":{"rendered":"https:\/\/mchoses.fr\/?post_type=product&#038;p=5057"},"modified":"2026-01-12T23:34:29","modified_gmt":"2026-01-12T22:34:29","slug":"saperlipopette-fonty","status":"publish","type":"product","link":"https:\/\/mchoses.fr\/?product=saperlipopette-fonty","title":{"rendered":"Saperlipopette &#8211; FONTY"},"content":{"rendered":"<h2><strong>SAPERLIPOPETTE &#8211; FONTY<\/strong><\/h2>\n<p>&nbsp;<\/p>\n<ul>\n<li>Composition : 65% baby suri, 20% soie et 15% m\u00e9rinos fin<\/li>\n<li>M\u00e9trage : 125 m.\/25 gr.<\/li>\n<li>Cat\u00e9gorie : DK \/ SPORT<\/li>\n<li>Aiguilles : 3,5 &#8211; 4 mm<\/li>\n<li>Echantillon : 20 m. x 30 r. = 10 cm<\/li>\n<li>Pull femme T 40 : 225 gr.<\/li>\n<li>Lave \u00e0 la main<\/li>\n<\/ul>\n<p>&nbsp;<\/p>\n<p><strong>SAPERLIPOPETTE<\/strong> est le dernier-n\u00e9 de la collection des fils <strong>Fonty<\/strong>. C&rsquo;est un joli fil duveteux, pr\u00e9cieux et d\u00e9licat.<\/p>\n<p><strong>SAPERLIPOPETTE<\/strong> est un fil souple et gonflant, au toucher doux et moelleux, qui appartient en r\u00e9alit\u00e9 \u00e0 la famille des fils alpaga, c&rsquo;est aussi une alternative extraordinaire pour les personnes allergiques au mohair.<br \/>\nEnti\u00e8rement naturel, il constitu\u00e9 d&rsquo;un m\u00e9lange subtil de trois toisons d&rsquo;exceptions. Les 65% de fibres de baby suri apportent un aspect vaporeux, nuageux et flou. Les 20% de soie ajoutent des qualit\u00e9s de r\u00e9sistance et d&rsquo;\u00e9lasticit\u00e9 et un aspect brillant et soyeux. La fibre m\u00e9rinos extra-fine compl\u00e8te l&rsquo;ensemble en lui confortant son gonflant, son volume et sa douceur.<\/p>\n<p>Le suri est un des membres de la famille des alpagas (esp\u00e8ce des lamas, branche des cam\u00e9lid\u00e9s), \u00e9lev\u00e9 en semi-libert\u00e9 dans les hauts plateaux andins. Sa toison est plus fine, plus ondul\u00e9e (un peu rasta, comme des dreadlocks), et plus brillante que celle de l&rsquo;alpaga commun (huacayo).<\/p>\n<p><strong>SAPERLIPOPETTE<\/strong> peut \u00eatre tricot\u00e9 seul, doubl\u00e9, ou en association avec un autre fil. Lorsqu&rsquo;il est tricot\u00e9 seul,<\/p>\n<p><strong>SAPERLIPOPETTE<\/strong> se lave de pr\u00e9f\u00e9rence \u00e0 la main, avec du savon doux (Eucalan), sans essorage, avec un s\u00e9chage \u00e0 plat.<\/p>\n<p>En ce moment vous pouvez nous rejoindre sur le KAL du <a href=\"https:\/\/www.ravelry.com\/patterns\/library\/mulberry-jumper\">pull Mulberry<\/a> de <a href=\"https:\/\/www.ravelry.com\/stores\/along-avec-anna---knitting-designs\">Along avec Anna<\/a> pour tricoter ce sublime patron avec cette merveilleuse laine du 01 octobre au 30 novembre 2024 ! Pour cela n&rsquo;h\u00e9sitez pas \u00e0 me contacter !<\/p>\n","protected":false},"excerpt":{"rendered":"<p>SAPERLIPOPETTE &#8211; FONTY &nbsp; Composition : 65% baby suri, 20% soie et 15% m\u00e9rinos fin M\u00e9trage : 125 m.\/25 gr. Cat\u00e9gorie : DK \/ SPORT Aiguilles : 3,5 &#8211; 4 &hellip; <\/p>\n","protected":false},"featured_media":5069,"comment_status":"closed","ping_status":"closed","template":"","meta":{"_crdt_document":"","_monsterinsights_skip_tracking":false,"_monsterinsights_sitenote_active":false,"_monsterinsights_sitenote_note":"","_monsterinsights_sitenote_category":0,"_uf_show_specific_survey":0,"_uf_disable_surveys":false,"jetpack_publicize_message":"","jetpack_publicize_feature_enabled":true,"jetpack_social_post_already_shared":true,"jetpack_social_options":{"image_generator_settings":{"template":"highway","default_image_id":0,"font":"","enabled":false},"version":2}},"product_brand":[],"product_cat":[192,159],"product_tag":[214,609,82,543,607,606,309,232,186,339,611,204,605,662,408,83,359,660,221,661,180,610,608,121],"class_list":{"0":"post-5057","1":"product","2":"type-product","3":"status-publish","4":"has-post-thumbnail","6":"product_cat-laines","7":"product_cat-tricot","8":"product_tag-alpaga","9":"product_tag-beige","10":"product_tag-coton","11":"product_tag-creuse","12":"product_tag-debardeur","13":"product_tag-ete","14":"product_tag-fils","15":"product_tag-fonty","16":"product_tag-france","17":"product_tag-jaune","18":"product_tag-kal","19":"product_tag-laine","20":"product_tag-lin","21":"product_tag-mulberry","22":"product_tag-naturel","23":"product_tag-noir","24":"product_tag-rose","25":"product_tag-saperlipopette","26":"product_tag-soie","27":"product_tag-suri","28":"product_tag-tricot","29":"product_tag-turquoise","30":"product_tag-vegetal","31":"product_tag-vert","33":"first","34":"outofstock","35":"taxable","36":"shipping-taxable","37":"purchasable","38":"product-type-variable"},"aioseo_notices":[],"jetpack_publicize_connections":[],"jetpack_sharing_enabled":true,"_links":{"self":[{"href":"https:\/\/mchoses.fr\/index.php?rest_route=\/wp\/v2\/product\/5057","targetHints":{"allow":["GET"]}}],"collection":[{"href":"https:\/\/mchoses.fr\/index.php?rest_route=\/wp\/v2\/product"}],"about":[{"href":"https:\/\/mchoses.fr\/index.php?rest_route=\/wp\/v2\/types\/product"}],"replies":[{"embeddable":true,"href":"https:\/\/mchoses.fr\/index.php?rest_route=%2Fwp%2Fv2%2Fcomments&post=5057"}],"wp:featuredmedia":[{"embeddable":true,"href":"https:\/\/mchoses.fr\/index.php?rest_route=\/wp\/v2\/media\/5069"}],"wp:attachment":[{"href":"https:\/\/mchoses.fr\/index.php?rest_route=%2Fwp%2Fv2%2Fmedia&parent=5057"}],"wp:term":[{"taxonomy":"product_brand","embeddable":true,"href":"https:\/\/mchoses.fr\/index.php?rest_route=%2Fwp%2Fv2%2Fproduct_brand&post=5057"},{"taxonomy":"product_cat","embeddable":true,"href":"https:\/\/mchoses.fr\/index.php?rest_route=%2Fwp%2Fv2%2Fproduct_cat&post=5057"},{"taxonomy":"product_tag","embeddable":true,"href":"https:\/\/mchoses.fr\/index.php?rest_route=%2Fwp%2Fv2%2Fproduct_tag&post=5057"}],"curies":[{"name":"wp","href":"https:\/\/api.w.org\/{rel}","templated":true}]}}