{"id":5080,"date":"2025-12-19T20:59:15","date_gmt":"2025-12-19T19:59:15","guid":{"rendered":"https:\/\/mchoses.fr\/?post_type=product&#038;p=5080"},"modified":"2026-04-23T10:56:17","modified_gmt":"2026-04-23T08:56:17","slug":"les-eponges-tawashi","status":"publish","type":"product","link":"https:\/\/mchoses.fr\/?product=les-eponges-tawashi","title":{"rendered":"Atelier crochet &#8211; Les bases"},"content":{"rendered":"<h2><strong>Atelier Crochet &#8211; Les bases<\/strong><\/h2>\n<p>Envie de (re)prendre confiance avec <a href=\"https:\/\/fr.wikipedia.org\/wiki\/Crochet_(aiguille)\" target=\"_blank\" rel=\"noopener\">le crochet<\/a>?<\/p>\n<p>Rejoignez Laurence pour un atelier convivial et pratique, o\u00f9 vous apprendrez ou r\u00e9apprendrez les fondamentaux : la cha\u00eenette ou le cercle magique.<\/p>\n<p>Parfait pour d\u00e9butants ou pour celles et ceux qui veulent se remettre \u00e0 jour !<\/p>\n<p>\ud83d\udcc5 Mercredi 22 avril 2026<\/p>\n<p>\ud83d\udcc5 Mercredi 29 avril 2026<\/p>\n<p>&nbsp;<\/p>\n<p>\ud83d\udd5d De 14h30 \u00e0 16h30<\/p>\n<p>\u2728 Tout le mat\u00e9riel est fourni<\/p>\n<p>\ud83e\uddfa Tu peux aussi apporter ton propre mat\u00e9riel si tu en as ou le prendre directement \u00e0 la mercerie !<\/p>\n<p>\ud83d\udc65 Atelier limit\u00e9 \u00e0 3 participant\u00b7es \u2013 R\u00e9servation obligatoire (\u00e0 partir de 10 ans)<\/p>\n<p>Aucune exp\u00e9rience requise, juste l\u2019envie de crocheter dans une ambiance d\u00e9tendue et bienveillante !<\/p>\n<p>&nbsp;<\/p>\n<p><em>Bonus :<\/em><\/p>\n<p>\u00c0 partir du<span class=\"Apple-converted-space\">\u00a0<\/span>20e si\u00e8cle en<span class=\"Apple-converted-space\">\u00a0<\/span><a style=\"color: var(--color-visited,#6a60b0); border-radius: 2px; text-decoration: none;\" title=\"Grande-Bretagne\" href=\"https:\/\/fr.wikipedia.org\/wiki\/Grande-Bretagne\">Grande-Bretagne<\/a>, aux<span class=\"Apple-converted-space\">\u00a0<\/span><a style=\"color: var(--color-visited,#6a60b0); border-radius: 2px; text-decoration: none;\" title=\"\u00c9tats-Unis\" href=\"https:\/\/fr.wikipedia.org\/wiki\/%C3%89tats-Unis\">\u00c9tats-Unis<\/a><span class=\"Apple-converted-space\">\u00a0<\/span>et en<span class=\"Apple-converted-space\">\u00a0<\/span><a style=\"color: var(--color-visited,#6a60b0); border-radius: 2px; text-decoration: none;\" title=\"France\" href=\"https:\/\/fr.wikipedia.org\/wiki\/France\">France<\/a>, le crochet est utilis\u00e9 comme un substitut moins co\u00fbteux \u00e0 la<span class=\"Apple-converted-space\">\u00a0<\/span><a style=\"color: var(--color-visited,#6a60b0); border-radius: 2px; text-decoration: none;\" title=\"Dentelle\" href=\"https:\/\/fr.wikipedia.org\/wiki\/Dentelle\">dentelle<\/a>. Il conna\u00eet ainsi un franc succ\u00e8s jusque dans les ann\u00e9es 1920. Oubli\u00e9 pendant l&rsquo;<a style=\"color: var(--color-visited,#6a60b0); border-radius: 2px; text-decoration: none;\" title=\"Entre-deux-guerres\" href=\"https:\/\/fr.wikipedia.org\/wiki\/Entre-deux-guerres\">entre-deux-guerres<\/a>, il redevient \u00e0 la mode \u00e0 partir des ann\u00e9es 1940, par pure n\u00e9cessit\u00e9. \u00c0 partir des ann\u00e9es 1970, il se vulgarise, avec notamment le \u00ab\u00a0carr\u00e9 de grand-m\u00e8re\u00a0\u00bb, qui vient du terme anglais \u00ab\u00a0Granny Square\u00a0\u00bb. Depuis quelques ann\u00e9es, des ateliers \u00ab\u00a0tricot et crochet\u00a0\u00bb apparaissent dans les grandes villes telles que<span class=\"Apple-converted-space\">\u00a0<\/span><a style=\"color: var(--color-visited,#6a60b0); border-radius: 2px; text-decoration: none;\" title=\"Paris\" href=\"https:\/\/fr.wikipedia.org\/wiki\/Paris\">Paris<\/a><span class=\"Apple-converted-space\">\u00a0<\/span>ou<span class=\"Apple-converted-space\">\u00a0<\/span><a style=\"color: var(--color-visited,#6a60b0); border-radius: 2px; text-decoration: none;\" title=\"New York\" href=\"https:\/\/fr.wikipedia.org\/wiki\/New_York\">New York<\/a><span class=\"Apple-converted-space\">\u00a0<\/span>ainsi que des blogs et diff\u00e9rents sites internet, prodiguant conseils et astuces<sup id=\"cite_ref-2\" class=\"reference\" style=\"line-height: 0.75em; vertical-align: super; font-size: 0.75em; font-weight: normal; font-style: normal;\"><a style=\"color: var(--color-visited,#6a60b0); border-radius: 2px; text-decoration: none;\" href=\"https:\/\/fr.wikipedia.org\/wiki\/Crochet_(aiguille)#cite_note-2\"><span class=\"cite-bracket\" style=\"font-size: 0px;\">[<\/span>2<span class=\"cite-bracket\" style=\"font-size: 0px;\">]<\/span><\/a><\/sup>. Le crochet revient ainsi \u00e0 la mode, mais avec des caract\u00e9ristiques plus modernes, comme sur les<span class=\"Apple-converted-space\">\u00a0<\/span><a style=\"color: var(--color-visited,#6a60b0); border-radius: 2px; text-decoration: none;\" title=\"Amigurumi\" href=\"https:\/\/fr.wikipedia.org\/wiki\/Amigurumi\">amigurumis<\/a><span class=\"Apple-converted-space\">\u00a0<\/span>(personnages en 3D) et autres objets aussi fonctionnels que d\u00e9coratifs.<\/p>\n","protected":false},"excerpt":{"rendered":"<p>Atelier Crochet &#8211; Les bases Envie de (re)prendre confiance avec le crochet? Rejoignez Laurence pour un atelier convivial et pratique, o\u00f9 vous apprendrez ou r\u00e9apprendrez les fondamentaux : la cha\u00eenette &hellip; <\/p>\n","protected":false},"featured_media":3583,"comment_status":"open","ping_status":"closed","template":"","meta":{"_crdt_document":"","_monsterinsights_skip_tracking":false,"_monsterinsights_sitenote_active":false,"_monsterinsights_sitenote_note":"","_monsterinsights_sitenote_category":0,"_uf_show_specific_survey":0,"_uf_disable_surveys":false,"jetpack_publicize_message":"","jetpack_publicize_feature_enabled":true,"jetpack_social_post_already_shared":true,"jetpack_social_options":{"image_generator_settings":{"template":"highway","default_image_id":0,"font":"","enabled":false},"version":2}},"product_brand":[],"product_cat":[168],"product_tag":[513,584,527,485,365,155,169,410,187,232,514,512,583,516,204,519,520,247,180],"class_list":{"0":"post-5080","1":"product","2":"type-product","3":"status-publish","4":"has-post-thumbnail","6":"product_cat-ateliers","7":"product_tag-atelier","8":"product_tag-bases","9":"product_tag-bob","10":"product_tag-bonnet","11":"product_tag-coudre","12":"product_tag-couture","13":"product_tag-crochet","14":"product_tag-debutant","15":"product_tag-elastique","16":"product_tag-fonty","17":"product_tag-gourmandise","18":"product_tag-gouter","19":"product_tag-granny","20":"product_tag-je-debute","21":"product_tag-laine","22":"product_tag-machine","23":"product_tag-tension","24":"product_tag-tissu","25":"product_tag-tricot","27":"first","28":"instock","29":"featured","30":"taxable","31":"shipping-taxable","32":"purchasable","33":"product-type-variable"},"aioseo_notices":[],"jetpack_publicize_connections":[],"jetpack_sharing_enabled":true,"_links":{"self":[{"href":"https:\/\/mchoses.fr\/index.php?rest_route=\/wp\/v2\/product\/5080","targetHints":{"allow":["GET"]}}],"collection":[{"href":"https:\/\/mchoses.fr\/index.php?rest_route=\/wp\/v2\/product"}],"about":[{"href":"https:\/\/mchoses.fr\/index.php?rest_route=\/wp\/v2\/types\/product"}],"replies":[{"embeddable":true,"href":"https:\/\/mchoses.fr\/index.php?rest_route=%2Fwp%2Fv2%2Fcomments&post=5080"}],"wp:featuredmedia":[{"embeddable":true,"href":"https:\/\/mchoses.fr\/index.php?rest_route=\/wp\/v2\/media\/3583"}],"wp:attachment":[{"href":"https:\/\/mchoses.fr\/index.php?rest_route=%2Fwp%2Fv2%2Fmedia&parent=5080"}],"wp:term":[{"taxonomy":"product_brand","embeddable":true,"href":"https:\/\/mchoses.fr\/index.php?rest_route=%2Fwp%2Fv2%2Fproduct_brand&post=5080"},{"taxonomy":"product_cat","embeddable":true,"href":"https:\/\/mchoses.fr\/index.php?rest_route=%2Fwp%2Fv2%2Fproduct_cat&post=5080"},{"taxonomy":"product_tag","embeddable":true,"href":"https:\/\/mchoses.fr\/index.php?rest_route=%2Fwp%2Fv2%2Fproduct_tag&post=5080"}],"curies":[{"name":"wp","href":"https:\/\/api.w.org\/{rel}","templated":true}]}}