{"id":596,"date":"2021-06-24T09:19:27","date_gmt":"2021-06-24T07:19:27","guid":{"rendered":"https:\/\/mchoses.fr\/?post_type=product&#038;p=596"},"modified":"2022-12-23T10:36:48","modified_gmt":"2022-12-23T09:36:48","slug":"banane-xxl-patron-pdf","status":"publish","type":"product","link":"https:\/\/mchoses.fr\/?product=banane-xxl-patron-pdf","title":{"rendered":"Patron Banane XXL (PDF)"},"content":{"rendered":"<p>Patron de couture pour la r\u00e9alisation d&rsquo;une banane XXL.<\/p>\n<p>Le patron est \u00e0 t\u00e9l\u00e9charger en PDF, puis \u00e0 imprimer sur 8 pages en A4.<\/p>\n<p>Les valeurs de couture sont comprises et sont de 1 cm.<\/p>\n<p>Les fournitures :<\/p>\n<p>&#8211; 30 cm de tissu pour l&rsquo;ext\u00e9rieure de la banane.<\/p>\n<p>&#8211; 30 cm de tissu pour la doublure<\/p>\n<p>&#8211; 1 fermeture \u00e9claire de 70 cm<\/p>\n<p>&#8211; 1 sangle de 80 cm<\/p>\n<p>&#8211; 1 clip (de la largeur de la sangle choisie)<\/p>\n","protected":false},"excerpt":{"rendered":"<p>Patron de couture d&rsquo;un sac Banane XXL.<\/p>\n","protected":false},"featured_media":951,"comment_status":"open","ping_status":"closed","template":"","meta":{"_crdt_document":"","_monsterinsights_skip_tracking":false,"_monsterinsights_sitenote_active":false,"_monsterinsights_sitenote_note":"","_monsterinsights_sitenote_category":0,"_uf_show_specific_survey":0,"_uf_disable_surveys":false,"jetpack_publicize_message":"","jetpack_publicize_feature_enabled":true,"jetpack_social_post_already_shared":false,"jetpack_social_options":{"image_generator_settings":{"template":"highway","default_image_id":0,"font":"","enabled":false},"version":2}},"product_brand":[],"product_cat":[160,201],"product_tag":[104,100,82,131,25,103,132,99,102],"class_list":{"0":"post-596","1":"product","2":"type-product","3":"status-publish","4":"has-post-thumbnail","6":"product_cat-couture","7":"product_cat-patrons","8":"product_tag-accessoire","9":"product_tag-banane-xxl","10":"product_tag-coton","11":"product_tag-cousu-main","12":"product_tag-double-gaze","13":"product_tag-mode","14":"product_tag-pret-a-porter","15":"product_tag-sac","16":"product_tag-velours","18":"first","19":"instock","20":"downloadable","21":"virtual","22":"sold-individually","23":"taxable","24":"purchasable","25":"product-type-simple"},"aioseo_notices":[],"jetpack_publicize_connections":[],"jetpack_sharing_enabled":true,"_links":{"self":[{"href":"https:\/\/mchoses.fr\/index.php?rest_route=\/wp\/v2\/product\/596","targetHints":{"allow":["GET"]}}],"collection":[{"href":"https:\/\/mchoses.fr\/index.php?rest_route=\/wp\/v2\/product"}],"about":[{"href":"https:\/\/mchoses.fr\/index.php?rest_route=\/wp\/v2\/types\/product"}],"replies":[{"embeddable":true,"href":"https:\/\/mchoses.fr\/index.php?rest_route=%2Fwp%2Fv2%2Fcomments&post=596"}],"wp:featuredmedia":[{"embeddable":true,"href":"https:\/\/mchoses.fr\/index.php?rest_route=\/wp\/v2\/media\/951"}],"wp:attachment":[{"href":"https:\/\/mchoses.fr\/index.php?rest_route=%2Fwp%2Fv2%2Fmedia&parent=596"}],"wp:term":[{"taxonomy":"product_brand","embeddable":true,"href":"https:\/\/mchoses.fr\/index.php?rest_route=%2Fwp%2Fv2%2Fproduct_brand&post=596"},{"taxonomy":"product_cat","embeddable":true,"href":"https:\/\/mchoses.fr\/index.php?rest_route=%2Fwp%2Fv2%2Fproduct_cat&post=596"},{"taxonomy":"product_tag","embeddable":true,"href":"https:\/\/mchoses.fr\/index.php?rest_route=%2Fwp%2Fv2%2Fproduct_tag&post=596"}],"curies":[{"name":"wp","href":"https:\/\/api.w.org\/{rel}","templated":true}]}}