{"id":6107,"date":"2025-09-03T11:19:40","date_gmt":"2025-09-03T09:19:40","guid":{"rendered":"https:\/\/mchoses.fr\/?product=le-guide-des-chaussettes-au-tricot-jacquard-precommande"},"modified":"2026-03-23T16:12:10","modified_gmt":"2026-03-23T15:12:10","slug":"le-guide-des-chaussettes-au-tricot-jacquard-precommande","status":"publish","type":"product","link":"https:\/\/mchoses.fr\/?product=le-guide-des-chaussettes-au-tricot-jacquard-precommande","title":{"rendered":"Le guide des chaussettes &#8211; au tricot jacquard"},"content":{"rendered":"<p><span style=\"font-family: Poppins, sans-serif;font-size: 16px;font-style: normal;font-weight: 400;letter-spacing: normal;text-align: start;text-indent: 0px;text-transform: none;text-decoration: none;display: inline !important;float: none\">Ce livre de tricot vous emm\u00e8ne dans l&rsquo;univers des chaussettes tricot\u00e9es \u00e0 travers 12 mod\u00e8les inspir\u00e9s par chaque mois de l&rsquo;ann\u00e9e.<\/span><span style=\"font-family: Poppins, sans-serif;font-size: 16px;font-style: normal;font-weight: 400;letter-spacing: normal;text-align: start;text-indent: 0px;text-transform: none;text-decoration: none;display: inline !important;float: none\"><span class=\"Apple-converted-space\">&nbsp;<\/span><\/span><\/p>\n<p><span style=\"font-family: Poppins, sans-serif;font-size: 16px;font-style: normal;font-weight: 400;letter-spacing: normal;text-align: start;text-indent: 0px;text-transform: none;text-decoration: none;display: inline !important;float: none\">Un mod\u00e8le bonus sp\u00e9cialement d\u00e9di\u00e9 aux d\u00e9butants, accompagn\u00e9 d\u2019un cours vid\u00e9o exclusif, vous initie en douceur \u00e0 la technique du jacquard. Les tutoriels vid\u00e9os pour les techniques et les illustrations \u00e0 colorier stimulent votre cr\u00e9ativit\u00e9.<\/span><\/p>\n<h3><strong>&#8212;&gt; Sortie officielle le 17 octobre \ufffc<\/strong><\/h3>\n<p><span class=\"ng-scope\" style=\"font-family: Poppins, sans-serif;font-size: 16px;font-style: normal;font-weight: 400;letter-spacing: normal;text-align: start;text-indent: 0px;text-transform: none;text-decoration: none\">Auteur : Lysandre Hourdin (@lysandrehrd)<\/span><\/p>\n<p><span class=\"ng-scope\" style=\"font-family: Poppins, sans-serif;font-size: 16px;font-style: normal;font-weight: 400;letter-spacing: normal;text-align: start;text-indent: 0px;text-transform: none;text-decoration: none\">Nombre de pages : 128<\/span><\/p>\n","protected":false},"excerpt":{"rendered":"<p>Ce livre de tricot vous emm\u00e8ne dans l&rsquo;univers des chaussettes tricot\u00e9es \u00e0 travers 12 mod\u00e8les inspir\u00e9s par chaque mois de l&rsquo;ann\u00e9e.&nbsp; Un mod\u00e8le bonus sp\u00e9cialement d\u00e9di\u00e9 aux d\u00e9butants, accompagn\u00e9 d\u2019un &hellip; <\/p>\n","protected":false},"featured_media":6100,"comment_status":"open","ping_status":"closed","template":"","meta":{"_crdt_document":"","om_disable_all_campaigns":false,"_monsterinsights_skip_tracking":false,"_monsterinsights_sitenote_active":false,"_monsterinsights_sitenote_note":"","_monsterinsights_sitenote_category":0,"_uf_show_specific_survey":0,"_uf_disable_surveys":false,"jetpack_publicize_message":"","jetpack_publicize_feature_enabled":true,"jetpack_social_post_already_shared":true,"jetpack_social_options":{"image_generator_settings":{"template":"highway","default_image_id":0,"font":"","enabled":false},"version":2}},"product_brand":[],"product_cat":[160],"product_tag":[178,729,727,728,561,726],"class_list":{"0":"post-6107","1":"product","2":"type-product","3":"status-publish","4":"has-post-thumbnail","6":"product_cat-couture","7":"product_tag-chaussettes","8":"product_tag-editions-de-saxe","9":"product_tag-guide","10":"product_tag-jacquard","11":"product_tag-livre","12":"product_tag-lysandre","14":"first","15":"instock","16":"taxable","17":"shipping-taxable","18":"purchasable","19":"product-type-simple"},"aioseo_notices":[],"jetpack_publicize_connections":[],"jetpack_sharing_enabled":true,"_links":{"self":[{"href":"https:\/\/mchoses.fr\/index.php?rest_route=\/wp\/v2\/product\/6107","targetHints":{"allow":["GET"]}}],"collection":[{"href":"https:\/\/mchoses.fr\/index.php?rest_route=\/wp\/v2\/product"}],"about":[{"href":"https:\/\/mchoses.fr\/index.php?rest_route=\/wp\/v2\/types\/product"}],"replies":[{"embeddable":true,"href":"https:\/\/mchoses.fr\/index.php?rest_route=%2Fwp%2Fv2%2Fcomments&post=6107"}],"wp:featuredmedia":[{"embeddable":true,"href":"https:\/\/mchoses.fr\/index.php?rest_route=\/wp\/v2\/media\/6100"}],"wp:attachment":[{"href":"https:\/\/mchoses.fr\/index.php?rest_route=%2Fwp%2Fv2%2Fmedia&parent=6107"}],"wp:term":[{"taxonomy":"product_brand","embeddable":true,"href":"https:\/\/mchoses.fr\/index.php?rest_route=%2Fwp%2Fv2%2Fproduct_brand&post=6107"},{"taxonomy":"product_cat","embeddable":true,"href":"https:\/\/mchoses.fr\/index.php?rest_route=%2Fwp%2Fv2%2Fproduct_cat&post=6107"},{"taxonomy":"product_tag","embeddable":true,"href":"https:\/\/mchoses.fr\/index.php?rest_route=%2Fwp%2Fv2%2Fproduct_tag&post=6107"}],"curies":[{"name":"wp","href":"https:\/\/api.w.org\/{rel}","templated":true}]}}