{"id":6629,"date":"2026-01-12T10:22:32","date_gmt":"2026-01-12T09:22:32","guid":{"rendered":"https:\/\/mchoses.fr\/?post_type=product&#038;p=6629"},"modified":"2026-02-09T14:13:18","modified_gmt":"2026-02-09T13:13:18","slug":"ghali-sweater-kal","status":"publish","type":"product","link":"https:\/\/mchoses.fr\/?product=ghali-sweater-kal","title":{"rendered":"Ghali Sweater KAL"},"content":{"rendered":"<h1 data-start=\"248\" data-end=\"294\">Rejoignez le KAL du <a href=\"https:\/\/www.ravelry.com\/patterns\/library\/ghali-sweater\">Ghali Sweater<\/a> de <a href=\"https:\/\/www.ravelry.com\/designers\/zanete-knits\">Zaneteknits<\/a><\/h1>\n<p data-start=\"296\" data-end=\"676\">Le <strong data-start=\"299\" data-end=\"320\">KAL <a href=\"https:\/\/www.ravelry.com\/patterns\/library\/ghali-sweater\">Ghali Sweater<\/a><\/strong> d\u00e9marre <strong data-start=\"329\" data-end=\"352\">le samedi 7 f\u00e9vrier<\/strong> et c\u2019est le moment id\u00e9al pour tricoter ensemble, partager des astuces et cr\u00e9er un pull unique qui vous accompagnera tout l\u2019hiver. Pour lancer ce projet en beaut\u00e9, nous vous proposons une <strong data-start=\"540\" data-end=\"557\">cast-on party<\/strong> le m\u00eame jour \u00e0 la mercerie : une occasion conviviale pour monter vos mailles et rencontrer les autres participantes.<\/p>\n<p data-start=\"678\" data-end=\"831\">Vous pouvez choisir votre mode de participation : <strong data-start=\"728\" data-end=\"766\">avec un kit complet de la mercerie<\/strong> ou <strong data-start=\"770\" data-end=\"795\">avec vos propres fils<\/strong>, pour un projet \u201cstash friendly\u201d.<\/p>\n<p data-start=\"678\" data-end=\"831\">Le patron n&rsquo;est pas inclus dans le KAL et reste \u00e0 la charge de la participante. Le mod\u00e8le Ghali Sweater est un patron payant de la designer ZANETEKNITS, \u00e0 acheter s\u00e9parement.<\/p>\n<h3 data-start=\"833\" data-end=\"871\">Participer avec vos propres fils<\/h3>\n<p data-start=\"872\" data-end=\"1148\">Si vous d\u00e9cidez d\u2019utiliser vos propres fils, assurez-vous de choisir un fil type <strong data-start=\"948\" data-end=\"962\">Sport<\/strong>, avec un <strong data-start=\"972\" data-end=\"992\">contraste marqu\u00e9<\/strong> entre la couleur principale et la couleur contrastante. Pensez aussi \u00e0 r\u00e9aliser un \u00e9chantillon conforme au mod\u00e8le pour que votre pull tombe parfaitement.<\/p>\n<h3 data-start=\"1150\" data-end=\"1193\">Participer avec un kit de la mercerie<\/h3>\n<p data-start=\"1194\" data-end=\"1303\">Pour celles qui aiment la s\u00e9curit\u00e9 d\u2019un kit pr\u00eat \u00e0 tricoter, je vous ai s\u00e9lectionn\u00e9 deux fils magnifiques :<\/p>\n<ul data-start=\"1304\" data-end=\"1369\">\n<li data-start=\"1304\" data-end=\"1341\">\n<p data-start=\"1306\" data-end=\"1341\"><strong data-start=\"1306\" data-end=\"1339\"><a href=\"https:\/\/www.ravelry.com\/yarns\/library\/lang-yarns-alpaca-soxx-6-ply-sportweight\">Alpaca Soxx 6ply<\/a> (LANG YARNS)<\/strong><\/p>\n<\/li>\n<li data-start=\"1342\" data-end=\"1369\">\n<p data-start=\"1344\" data-end=\"1369\"><strong data-start=\"1344\" data-end=\"1367\"><a href=\"https:\/\/www.ravelry.com\/yarns\/library\/kremke-soul-wool-lazy-lion-variegated-and-semi-solid\">Lazy Lion<\/a> (KREMKE)<\/strong><\/p>\n<\/li>\n<\/ul>\n<p data-start=\"1371\" data-end=\"1644\">Vous pourrez composer votre duo de fils selon vos envies : deux fils Alpaca Soxx 6 ply, un duo mixte Alpaca Soxx 6ply + Lazy Lion ou Lazy Lion + Alpaca Soxx 6ply. Et pour chaque taille, j&rsquo;ai pr\u00e9vu <strong data-start=\"1558\" data-end=\"1583\">les quantit\u00e9s exactes<\/strong>, avec une marge de s\u00e9curit\u00e9 pour ne jamais manquer de fil.<\/p>\n<h3 data-start=\"1646\" data-end=\"1692\">Avantage exclusif pour les participantes<\/h3>\n<p data-start=\"1693\" data-end=\"1974\">Toutes celles qui ach\u00e8tent leur laine \u00e0 la mercerie b\u00e9n\u00e9ficient de <strong data-start=\"1760\" data-end=\"1782\">\u201315 % sur la laine<\/strong> dans le cadre du KAL <a href=\"https:\/\/www.ravelry.com\/patterns\/library\/ghali-sweater\">Ghali Sweater<\/a>. Cette remise s\u2019applique aussi bien sur les kits que sur l\u2019achat de laine \u00ab\u00a0autre\u00a0\u00bb en quantit\u00e9 suffisante pour ce projet jusqu&rsquo;au top d\u00e9part du KAL le 07 f\u00e9vrier !<\/p>\n<p data-start=\"1693\" data-end=\"1974\">Une petite attention pour vous remercier de tricoter avec la mercerie !<\/p>\n<h3 data-start=\"1976\" data-end=\"2005\">Les tailles disponibles<\/h3>\n<p data-start=\"2006\" data-end=\"2228\">Le Ghali Sweater est disponible du <strong data-start=\"2041\" data-end=\"2051\">1 au 9<\/strong>, afin que chacune trouve son bonheur, quelle que soit sa morphologie. Pour vous aider \u00e0 choisir votre duo de fils, voici un petit guide de quantit\u00e9s pour chaque combinaison :<\/p>\n<ul data-start=\"2230\" data-end=\"2410\">\n<li data-start=\"2230\" data-end=\"2302\">\n<p data-start=\"2232\" data-end=\"2302\"><strong data-start=\"2232\" data-end=\"2300\">Duo Alpaca Soxx 6ply (couleur principale + couleur contrastante)<\/strong><\/p>\n<\/li>\n<li data-start=\"2303\" data-end=\"2356\">\n<p data-start=\"2305\" data-end=\"2356\"><strong data-start=\"2305\" data-end=\"2354\">Duo mixte : Alpaca Soxx 6 ply (CP) + Lazy Lion (CC)<\/strong><\/p>\n<\/li>\n<li data-start=\"2357\" data-end=\"2410\">\n<p data-start=\"2359\" data-end=\"2410\"><strong data-start=\"2359\" data-end=\"2408\">Duo mixte : Lazy Lion (CP) + Alpaca Soxx 6ply (CC)<\/strong><\/p>\n<\/li>\n<\/ul>\n<p data-start=\"2412\" data-end=\"2532\">Les quantit\u00e9s sont calcul\u00e9es sur la base du m\u00e9trage indiqu\u00e9 dans le mod\u00e8le et incluent toujours une marge de s\u00e9curit\u00e9.<\/p>\n<h3 data-start=\"2534\" data-end=\"2576\">Cast-on party : un moment \u00e0 partager<\/h3>\n<p data-start=\"2577\" data-end=\"2842\">Le <strong data-start=\"2580\" data-end=\"2600\">samedi 7 f\u00e9vrier<\/strong>, vous pouvez choisir de participer \u00e0 la <strong data-start=\"2641\" data-end=\"2672\">cast-on party \u00e0 la mercerie<\/strong> ou de rejoindre le KAL \u00e0 distance. Dans les deux cas, l\u2019aventure reste la m\u00eame : un projet collectif, des conseils partag\u00e9s et l\u2019envie de voir vos pulls prendre forme.<\/p>\n<hr data-start=\"2844\" data-end=\"2847\" \/>\n<blockquote data-start=\"2849\" data-end=\"3187\">\n<p data-start=\"2851\" data-end=\"3187\">En r\u00e9sum\u00e9 : que vous choisissiez vos fils ou un kit, que vous soyez pr\u00e9sente \u00e0 la cast-on party ou que vous tricotiez de chez vous, le KAL <a href=\"https:\/\/www.ravelry.com\/patterns\/library\/ghali-sweater\">Ghali Sweater<\/a> est un projet con\u00e7u pour \u00eatre convivial et cr\u00e9atif et qui va nous permettre se sortir de sa zone de confort.<\/p>\n<p data-start=\"2851\" data-end=\"3187\">Et surtout\u2026 avec <strong data-start=\"3081\" data-end=\"3135\">\u201315 % sur la laine si vous l\u2019achetez \u00e0 la mercerie<\/strong>, tricoter ce pull n\u2019a jamais \u00e9t\u00e9 aussi agr\u00e9able !<\/p>\n<\/blockquote>\n","protected":false},"excerpt":{"rendered":"<p>Rejoignez le KAL du Ghali Sweater de Zaneteknits Le KAL Ghali Sweater d\u00e9marre le samedi 7 f\u00e9vrier et c\u2019est le moment id\u00e9al pour tricoter ensemble, partager des astuces et cr\u00e9er &hellip; <\/p>\n","protected":false},"featured_media":6652,"comment_status":"open","ping_status":"closed","template":"","meta":{"_crdt_document":"","_monsterinsights_skip_tracking":false,"_monsterinsights_sitenote_active":false,"_monsterinsights_sitenote_note":"","_monsterinsights_sitenote_category":0,"_uf_show_specific_survey":0,"_uf_disable_surveys":false,"jetpack_publicize_message":"","jetpack_publicize_feature_enabled":true,"jetpack_social_post_already_shared":true,"jetpack_social_options":{"image_generator_settings":{"template":"highway","default_image_id":0,"font":"","enabled":false},"version":2}},"product_brand":[743,747],"product_cat":[109,636,197],"product_tag":[277],"class_list":{"0":"post-6629","1":"product","2":"type-product","3":"status-publish","4":"has-post-thumbnail","6":"product_brand-kremke","7":"product_brand-lang","8":"product_cat-accueil","9":"product_cat-box","10":"product_cat-kits","11":"product_tag-kit","13":"first","14":"outofstock","15":"sale","16":"taxable","17":"shipping-taxable","18":"purchasable","19":"product-type-variable"},"aioseo_notices":[],"jetpack_publicize_connections":[],"jetpack_sharing_enabled":true,"_links":{"self":[{"href":"https:\/\/mchoses.fr\/index.php?rest_route=\/wp\/v2\/product\/6629","targetHints":{"allow":["GET"]}}],"collection":[{"href":"https:\/\/mchoses.fr\/index.php?rest_route=\/wp\/v2\/product"}],"about":[{"href":"https:\/\/mchoses.fr\/index.php?rest_route=\/wp\/v2\/types\/product"}],"replies":[{"embeddable":true,"href":"https:\/\/mchoses.fr\/index.php?rest_route=%2Fwp%2Fv2%2Fcomments&post=6629"}],"wp:featuredmedia":[{"embeddable":true,"href":"https:\/\/mchoses.fr\/index.php?rest_route=\/wp\/v2\/media\/6652"}],"wp:attachment":[{"href":"https:\/\/mchoses.fr\/index.php?rest_route=%2Fwp%2Fv2%2Fmedia&parent=6629"}],"wp:term":[{"taxonomy":"product_brand","embeddable":true,"href":"https:\/\/mchoses.fr\/index.php?rest_route=%2Fwp%2Fv2%2Fproduct_brand&post=6629"},{"taxonomy":"product_cat","embeddable":true,"href":"https:\/\/mchoses.fr\/index.php?rest_route=%2Fwp%2Fv2%2Fproduct_cat&post=6629"},{"taxonomy":"product_tag","embeddable":true,"href":"https:\/\/mchoses.fr\/index.php?rest_route=%2Fwp%2Fv2%2Fproduct_tag&post=6629"}],"curies":[{"name":"wp","href":"https:\/\/api.w.org\/{rel}","templated":true}]}}