{"id":7266,"date":"2026-04-06T09:25:34","date_gmt":"2026-04-06T07:25:34","guid":{"rendered":"https:\/\/mchoses.fr\/?post_type=product&#038;p=7266"},"modified":"2026-04-10T06:31:29","modified_gmt":"2026-04-10T04:31:29","slug":"club-chosettes-fais-ce-quil-te-plait","status":"publish","type":"product","link":"https:\/\/mchoses.fr\/?product=club-chosettes-fais-ce-quil-te-plait","title":{"rendered":"Club Chosettes \u00ab\u00a0Fais ce qu&rsquo;il te plait\u00a0\u00bb"},"content":{"rendered":"<h2><!--StartFragment --><\/h2>\n<h2>\u2728 <strong>Fais ce qu\u2019il te pla\u00eet<\/strong><\/h2>\n<p>En mai, on l\u00e2che les brides. Le Club Chosettes vous propose une \u00e9dition plac\u00e9e sous le signe de la libert\u00e9 : <strong>2 patrons myst\u00e8res<\/strong>, 2 vibes diff\u00e9rentes\u2026 et <strong>1 laine<\/strong> pour tricoter <strong>celui qui vous fait le plus kiffer<\/strong>.<br \/>\nTeam A ? Team B ? Team \u201cje d\u00e9cide au dernier moment\u201d ? Tout est permis.<\/p>\n<p>Le but : se faire plaisir, tricoter sans pression, papoter, rigoler, avancer \u00e0 son rythme et profiter de l\u2019ambiance Chosettes comme on l\u2019aime.<\/p>\n<p>Toujours deux formules, toujours simples, toujours efficaces :<\/p>\n<p>\u2022 <strong>La box seule<\/strong> \u2014&gt; pour tricoter p\u00e9narde \u00e0 la maison : <strong>29.99 \u20ac<\/strong><br \/>\n\u2022 <strong>La formule club<\/strong> \u2014&gt; la box + <strong>4 rendez-vous + 1 offert<\/strong>, pour profiter de la mercerie et de sa bonne humeur l\u00e9gendaire : <strong>49.99 \u20ac<\/strong><\/p>\n<p>Et si vous voulez plus de RDV, les s\u00e9ances suppl\u00e9mentaires sont l\u00e0 (<strong>5 \u20ac<\/strong>).<!--EndFragment --><\/p>\n<p><span style=\"color: #ff0000;\"><strong><em>Informations importantes :<\/em><\/strong><\/span><\/p>\n<p><span style=\"color: #000000;\">Pr\u00e9commandes : du 07 au 14 avril uniquement. <\/span><\/p>\n<p><span style=\"color: #000000;\"><strong>Retrait<\/strong> des boxes et <strong>top d\u00e9part<\/strong> du club \u00e0 partir du <strong>samedi 02 mai<\/strong>.<\/span><\/p>\n<p><em><strong><span style=\"color: #000000;\">\ud83d\uddd3\ufe0f Attention planning sp\u00e9cial jours f\u00e9ri\u00e9s :<\/span><\/strong><\/em><br \/>\n<span style=\"color: #000000;\">Le mois de mai adore les ponts\u2026 donc le rendez-vous du jeudi 14 mai (f\u00e9ri\u00e9) est d\u00e9plac\u00e9 au mardi 12 mai apr\u00e8s-midi.<\/span><\/p>\n<p>&nbsp;<\/p>\n<p><span style=\"color: #000000;\">Choisissez votre formule et ne laissez pas filer ce rendez-vous tricot unique !<\/span><\/p>\n<h3><span style=\"color: #ffcc00;\"><em>LA BOX : 29.99 \u20ac<\/em><\/span><\/h3>\n<ol>\n<li><span dir=\"auto\" style=\"vertical-align: inherit; color: #000000;\">Deux patrons myst\u00e8res,<\/span><\/li>\n<li><span dir=\"auto\" style=\"vertical-align: inherit; color: #000000;\">De la laine en quantit\u00e9 suffisante et<\/span><\/li>\n<li><span dir=\"auto\" style=\"vertical-align: inherit; color: #000000;\">Des surprises !!!<\/span><\/li>\n<li><span dir=\"auto\" style=\"vertical-align: inherit; color: #000000;\">La participation au groupe DISCORD.<\/span><\/li>\n<\/ol>\n<h3><span dir=\"auto\" style=\"vertical-align: inherit; color: #ffcc00;\"><span dir=\"auto\" style=\"vertical-align: inherit;\"><em>LE CLUB : 49.99 \u20ac<\/em><\/span><\/span><\/h3>\n<ol>\n<li><span style=\"color: #000000;\">Deux patrons myst\u00e8res,<\/span><\/li>\n<li><span dir=\"auto\" style=\"vertical-align: inherit; color: #000000;\"><span dir=\"auto\" style=\"vertical-align: inherit;\">De la laine en quantit\u00e9 suffisante et<\/span><\/span><\/li>\n<li><span dir=\"auto\" style=\"vertical-align: inherit; color: #000000;\"><span dir=\"auto\" style=\"vertical-align: inherit;\">Des surprises !!!<\/span><\/span><\/li>\n<li><span dir=\"auto\" style=\"vertical-align: inherit; color: #000000;\"><span dir=\"auto\" style=\"vertical-align: inherit;\">4 RDV dans le mois + 1 offert<\/span><\/span><\/li>\n<li><span dir=\"auto\" style=\"vertical-align: inherit; color: #000000;\"><span dir=\"auto\" style=\"vertical-align: inherit;\">La participation au groupe DISCORD.<\/span><\/span><\/li>\n<\/ol>\n<div data-test='contact-form'\n\t\t\tid='contact-form-7266'\n\t\t\tclass='jetpack-contact-form-container '\n\t\t\tdata-wp-interactive='jetpack\/form' data-wp-context='{\"formId\":\"7266\",\"formHash\":\"aaffc1dbfeecd831049edc73b2a2a87e6ccf4fc0\",\"showErrors\":false,\"errors\":[],\"fields\":[],\"isMultiStep\":false,\"useAjax\":true,\"submissionData\":null,\"formattedSubmissionData\":[],\"submissionSuccess\":false,\"submissionError\":null,\"elementId\":\"jp-form-aaffc1dbfeecd831049edc73b2a2a87e6ccf4fc0\",\"isSingleInputForm\":false,\"isForcedHorizontal\":false}'\n\t\t\tdata-wp-watch--scroll-to-wrapper=\"callbacks.scrollToWrapper\"\n\t\t>\n<div class=\"contact-form-submission contact-form-ajax-submission\" data-wp-bind--aria-hidden=\"state.isSuccessMessageAriaHidden\" data-wp-class--submission-success=\"context.submissionSuccess\" id=\"contact-form-success-aaffc1dbfeecd831049edc73b2a2a87e6ccf4fc0\" tabindex=\"-1\" aria-labelledby=\"contact-form-success-header-aaffc1dbfeecd831049edc73b2a2a87e6ccf4fc0\"><p class=\"go-back-message\"><a class=\"link\" role=\"button\" tabindex=\"0\" data-wp-on--click=\"actions.goBack\" href=\"\/index.php?rest_route=%2Fwp%2Fv2%2Fproduct%2F7266\">\u2190 Retour<\/a><\/p><h4 data-wp-bind--aria-hidden=\"state.isSuccessMessageAriaHidden\" id=\"contact-form-success-header-aaffc1dbfeecd831049edc73b2a2a87e6ccf4fc0\">Merci pour votre r\u00e9ponse. \u2728<\/h4>\n\n<template data-wp-each--submission=\"context.formattedSubmissionData\">\n\t\t\t\t\t<div class=\"jetpack_forms_contact-form-success-summary\">\n\t\t\t\t\t\t<div class=\"field-name-wrapper\">\n\t\t\t\t\t\t\t<div class=\"field-type-icon\" data-wp-watch=\"callbacks.watchFieldTypeIcon\"><\/div>\n\t\t\t\t\t\t\t<div class=\"field-name\" data-wp-text=\"context.submission.label\" data-wp-bind--hidden=\"!context.submission.label\"><\/div>\n\t\t\t\t\t\t<\/div>\n\t\t\t\t\t\t<div class=\"field-value\" data-wp-text=\"context.submission.value\" data-wp-bind--hidden=\"!context.submission.showPlainValue\"><\/div>\n\t\t\t\t\t\t<a class=\"field-url\" data-wp-bind--href=\"context.submission.url\" data-wp-text=\"context.submission.value\" data-wp-bind--hidden=\"!context.submission.url\" target=\"_blank\" rel=\"noopener noreferrer\"><\/a>\n\t\t\t\t\t\t<div class=\"field-rating\" data-wp-bind--hidden=\"!context.submission.rating\" data-wp-watch=\"callbacks.watchRatingIcons\"><\/div>\n\t\t\t\t\t\t<div class=\"field-images\" data-wp-bind--hidden=\"!context.submission.images\">\n\t\t\t\t\t\t\t<template data-wp-each--image=\"context.submission.images\">\n\t\t\t\t\t\t\t\t<div class=\"field-image-option\" data-wp-class--is-empty=\"!context.image.src\">\n\t\t\t\t\t\t\t\t\t<figure class=\"field-image-option__image\" data-wp-class--is-empty=\"!context.image.src\">\n\t\t\t\t\t\t\t\t\t\t<img data-wp-bind--src=\"context.image.src\" data-wp-bind--hidden=\"!context.image.src\" \/>\n\t\t\t\t\t\t\t\t\t\t<img decoding=\"async\" src=\"data:image\/gif;base64,R0lGODlhAQABAAD\/ACwAAAAAAQABAAACADs=\" data-wp-bind--hidden=\"context.image.src\" \/>\n\t\t\t\t\t\t\t\t\t<\/figure>\n\t\t\t\t\t\t\t\t\t<div class=\"field-image-option__label-wrapper\">\n\t\t\t\t\t\t\t\t\t\t<span class=\"field-image-option__label-code\" data-wp-text=\"context.image.letterCode\"><\/span>\n\t\t\t\t\t\t\t\t\t\t<span class=\"field-image-option__label\" data-wp-text=\"context.image.label\" data-wp-bind--hidden=\"!context.image.label\"><\/span>\n\t\t\t\t\t\t\t\t\t<\/div>\n\t\t\t\t\t\t\t\t<\/div>\n\t\t\t\t\t\t\t<\/template>\n\t\t\t\t\t\t<\/div>\n\t\t\t\t\t\t<div class=\"field-files\" data-wp-bind--hidden=\"!context.submission.files\">\n\t\t\t\t\t\t\t<template data-wp-each--file=\"context.submission.files\">\n\t\t\t\t\t\t\t\t<div class=\"field-file\">\n\t\t\t\t\t\t\t\t\t<div class=\"field-file__thumbnail\" data-wp-style--background-image=\"context.file.previewUrl\" data-wp-style--mask-image=\"context.file.iconUrl\" data-wp-bind--hidden=\"!context.file.hasPreview\"><\/div>\n\t\t\t\t\t\t\t\t\t<svg class=\"field-file__icon\" data-wp-bind--hidden=\"context.file.hasPreview\" width=\"20\" height=\"20\" viewBox=\"0 0 24 24\" fill=\"none\" xmlns=\"http:\/\/www.w3.org\/2000\/svg\" aria-hidden=\"true\">\n\t\t\t\t\t\t\t\t\t\t<path d=\"M14 2H6C4.9 2 4 2.9 4 4V20C4 21.1 4.89 22 5.99 22H18C19.1 22 20 21.1 20 20V8L14 2ZM18 20H6V4H13V9H18V20Z\" fill=\"currentColor\"\/>\n\t\t\t\t\t\t\t\t\t<\/svg>\n\t\t\t\t\t\t\t\t\t<span class=\"field-file__name\" data-wp-text=\"context.file.name\"><\/span>\n\t\t\t\t\t\t\t\t\t<span class=\"field-file__size\" data-wp-text=\"context.file.size\"><\/span>\n\t\t\t\t\t\t\t\t<\/div>\n\t\t\t\t\t\t\t<\/template>\n\t\t\t\t\t\t<\/div>\n\t\t\t\t\t<\/div>\n\t\t\t\t<\/template><\/div><form action='https:\/\/mchoses.fr\/?product=club-chosettes-fais-ce-quil-te-plait'\n\t\t\t\tid='jp-form-aaffc1dbfeecd831049edc73b2a2a87e6ccf4fc0'\n\t\t\t\tmethod='post'\n\t\t\t\tclass='contact-form commentsblock jetpack-contact-form__form has-no-jetpack-form-layout' aria-label=\"Club Chosettes &quot;Fais ce qu&#039;il te plait&quot;\"\n\t\t\t\tdata-wp-on--submit=\"actions.onFormSubmit\"\n\t\t\t\tdata-wp-on--reset=\"actions.onFormReset\"\n\t\t\t\tdata-wp-class--submission-success=\"context.submissionSuccess\"\n\t\t\t\tdata-wp-class--is-first-step=\"state.isFirstStep\"\n\t\t\t\tdata-wp-class--is-last-step=\"state.isLastStep\"\n\t\t\t\tdata-wp-class--is-ajax-form=\"context.useAjax\"\n\t\t\t\tnovalidate >\n<input type='hidden' name='jetpack_contact_form_jwt' value='eyJ0eXAiOiJKV1QiLCJhbGciOiJIUzI1NiJ9.eyJlbmNyeXB0ZWRfYXR0cmlidXRlcyI6IlB0NURyWkdWa2RVUmxoTk1LaHRFaFhXelRBa25ud1NXbEJjSzMrWVVBSWF0QW1NdFYrU0U3TjFuMmo3UDZRN0FrdGdhMEdCa0FwOXRpUXl5OG9EaHRiMEVRclM1M01YZ1BPYy90SjFsMEtFZ294UU5qOGo2d1RoYU9sN0VUMnhVcDlTWEpsL0F6VXBGWFNEbCtUTlROTVhJVFR5VHgydWJPb0VRZlY5NC9reGxvcVNkWkc1ZmFZZVFTUHJmSXBiL21zZUJwSHVHNEhKdXc5MHhUdHJqVmxJN2M3eXNWY0tSaThya3J1VWFxdmkxcjU5M1RzVmU2Y1VpNUZTTHk0czVRM2hhekRBc3poUDRJUis3T2JGWUVITXUvaFVJQUM3TWIrZjRNY0JEa1FWMmJHTllJT0xaQ3oxeFM0S1k4MXFVaW1kNWhHSFRDYWhKa0JXbUtRYWtsOFZRdDQvZDJtaGdHaFIybk5maHlvNms3QUxBM2J3aXEvWU9uS2lXdk03YTRreE5EUkFNMHRtTUZvRXlUS0lvWUFHNUFpMVgxalIvK2RxSklOZ3RSQzg2VStoYi9iaWJFbUR6QUErcXR4RDMwQ3ZSa1pOZkVoak5iZmxGM3hGZzlGTytCS05lMjlKSWFPMnc3RXpCKzV5VnpycHRVb3ZOVUZBeVQrOUMzRFU1djFncWtMRjhSeGpreXhJaWJITTdidDZ3OWRXdzlmQUtMV2dhU1NmT2Z1U2lDQ3JvbjJGVGVCeGJ0V0hFQ2IvQWtqNERIVUJyM25MU3NJbW5ub2hNTEtSZGJDb1NENFArbXJ4b1ZSbkRHWm1naDRpOEdZbDFkTGpnN2RZRm1HN1BwWVlFbzhLUGxtMDdPajV6QUx2QlRMU1JtQnJ3RW1QM29SZGVUQXpzSEhwWmkrUk1FejQ4cEtreDBzKzFta1RMVmxnazB4UnpYWVBPSDJSZjBTeWZ2ZHNTUmVldVZiNFRJVGRHc2VzckRpbVlYM3RJeHFqYkt0UndQMm01cmxCaHBBblZKRVMxQVBKaHpnVThZRStOU3RlWlNwemptU0N6WWtjOGp0cll0Mk5MQWhEQyt6WngxcjlBVWU1ak1MY3FJdzFWTXlvRUpaZkdzYkFMSy9zanJ2ZFBjYm1uSWZlWU93OWpXQ1d5M001aE5HaG9JdTQzSWRPL0NTSEdDb2NMaWZ1SFRFVmltQ2EvZzVXTENKVmxTRTBSIiwiY29udGVudCI6Iltjb250YWN0LWZpZWxkIGxhYmVsPVwiTlx1MDBiMCBkZSB0XHUwMGU5bFx1MDBlOXBob25lIHBvdXIgRElTQ09SRFwiIHR5cGU9XCJ0ZXh0XCJdW2NvbnRhY3QtZmllbGQgbGFiZWw9XCJTaSB2b3VzIGxlIHNvdWhhaXRleiwgdm91cyBwb3V2ZXogaW5kaXF1ZXIgdm90cmUgcHNldWRvIERpc2NvcmQsIGxlcyBkYXRlcyBhdXhxdWVsbGVzIHZvdXMgc291aGFpdGV6IHBhcnRpY2lwZXIgcG91ciBsYSBmb3JtdWxlIENMVUIsIG91IHRvdXRlIGF1dHJlIGluZm9ybWF0aW9uIHV0aWxlLlwiIHR5cGU9XCJ0ZXh0YXJlYVwiXSIsImhhc2giOiJhYWZmYzFkYmZlZWNkODMxMDQ5ZWRjNzNiMmEyYTg3ZTZjY2Y0ZmMwIiwic291cmNlIjp7ImVudHJ5X3RpdGxlIjoiQ2x1YiBDaG9zZXR0ZXMgXHUwMGFiXHUwMGEwRmFpcyBjZSBxdVx1MjAxOWlsIHRlIHBsYWl0XHUwMGEwXHUwMGJiIiwiZW50cnlfcGFnZSI6MSwic291cmNlX2lkIjo3MjY2LCJzb3VyY2VfdHlwZSI6InNpbmdsZSIsInJlcXVlc3RfdXJsIjoiaHR0cHM6Ly9tY2hvc2VzLmZyIn0sInZlcnNpb24iOjIsImNpcGhlciI6ImFlcy0yNTYtZ2NtIn0.4ZvN3uhB3Fyej9tKDQfUsldb9v61UaIC_sx3tvX4vro' \/>\n\n<div style=\"\"  data-wp-interactive=\"jetpack\/form\" data-wp-context='{\"fieldId\":\"g7266-ndetlphonepourdiscord\",\"fieldType\":\"text\",\"fieldLabel\":\"N\\u00b0 de t\\u00e9l\\u00e9phone pour DISCORD\",\"fieldValue\":\"\",\"fieldPlaceholder\":\"\",\"fieldIsRequired\":\"\",\"fieldErrorMessage\":\"\",\"fieldExtra\":[],\"formHash\":\"aaffc1dbfeecd831049edc73b2a2a87e6ccf4fc0\"}'  class='grunion-field-text-wrap grunion-field-wrap'  data-wp-init='callbacks.initializeField' data-wp-on--jetpack-form-reset='callbacks.initializeField' >\n<label\n\t\t\t\tfor='g7266-ndetlphonepourdiscord' class=\"grunion-field-label text\" >N\u00b0 de t\u00e9l\u00e9phone pour DISCORD<\/label>\n<input\n\t\t\t\t\ttype='text'\n\t\t\t\t\tname='g7266-ndetlphonepourdiscord'\n\t\t\t\t\tid='g7266-ndetlphonepourdiscord'\n\t\t\t\t\tvalue=''\n\n\t\t\t\t\tdata-wp-bind--aria-invalid='state.fieldAriaInvalid'\n\t\t\t\t\tdata-wp-bind--value='state.getFieldValue'\n\t\t\t\t\taria-describedby='g7266-ndetlphonepourdiscord-text-error-message'\n\t\t\t\t\tdata-wp-on--input='actions.onFieldChange'\n\t\t\t\t\tdata-wp-on--blur='actions.onFieldBlur'\n\t\t\t\t\tdata-wp-class--has-value='state.hasFieldValue'\n\n\t\t\t\t\tclass='text  grunion-field' \n\t\t\t\t\t \/>\n \n\t\t\t<div id=\"g7266-ndetlphonepourdiscord-text-error\" class=\"contact-form__input-error\" data-wp-class--has-errors=\"state.fieldHasErrors\">\n\t\t\t\t<span class=\"contact-form__warning-icon\" aria-hidden=\"true\">\n\t\t\t\t\t<svg width=\"16\" height=\"16\" viewBox=\"0 0 16 16\" fill=\"none\" xmlns=\"http:\/\/www.w3.org\/2000\/svg\">\n\t\t\t\t\t\t<path d=\"M8.50015 11.6402H7.50015V10.6402H8.50015V11.6402Z\" \/>\n\t\t\t\t\t\t<path d=\"M7.50015 9.64018H8.50015V6.30684H7.50015V9.64018Z\" \/>\n\t\t\t\t\t\t<path fill-rule=\"evenodd\" clip-rule=\"evenodd\" d=\"M6.98331 3.0947C7.42933 2.30177 8.57096 2.30177 9.01698 3.09469L13.8771 11.7349C14.3145 12.5126 13.7525 13.4735 12.8602 13.4735H3.14004C2.24774 13.4735 1.68575 12.5126 2.12321 11.7349L6.98331 3.0947ZM8.14541 3.58496C8.08169 3.47168 7.9186 3.47168 7.85488 3.58496L2.99478 12.2251C2.93229 12.3362 3.01257 12.4735 3.14004 12.4735H12.8602C12.9877 12.4735 13.068 12.3362 13.0055 12.2251L8.14541 3.58496Z\" \/>\n\t\t\t\t\t<\/svg>\n\t\t\t\t<\/span>\n\t\t\t\t<span data-wp-text=\"state.errorMessage\" id=\"g7266-ndetlphonepourdiscord-text-error-message\"><\/span>\n\t\t\t<\/div> \n\t<\/div>\n\n<div style=\"\"  data-wp-interactive=\"jetpack\/form\" data-wp-context='{\"fieldId\":\"g7266-sivouslesouhaitezvouspouvezindiquervotrepseudodiscordlesdatesauxquellesvoussouhaitezparticiperpourlaformulecluboutouteautreinformationutile\",\"fieldType\":\"textarea\",\"fieldLabel\":\"Si vous le souhaitez, vous pouvez indiquer votre pseudo Discord, les dates auxquelles vous souhaitez participer pour la formule CLUB, ou toute autre information utile.\",\"fieldValue\":\"\",\"fieldPlaceholder\":\"\",\"fieldIsRequired\":\"\",\"fieldErrorMessage\":\"\",\"fieldExtra\":[],\"formHash\":\"aaffc1dbfeecd831049edc73b2a2a87e6ccf4fc0\"}'  class='grunion-field-textarea-wrap grunion-field-wrap'  data-wp-init='callbacks.initializeField' data-wp-on--jetpack-form-reset='callbacks.initializeField' >\n<label\n\t\t\t\tfor='contact-form-comment-g7266-sivouslesouhaitezvouspouvezindiquervotrepseudodiscordlesdatesauxquellesvoussouhaitezparticiperpourlaformulecluboutouteautreinformationutile' class=\"grunion-field-label textarea\" >Si vous le souhaitez, vous pouvez indiquer votre pseudo Discord, les dates auxquelles vous souhaitez participer pour la formule CLUB, ou toute autre information utile.<\/label>\n<textarea\n\t\t                style=''\n\t\t                name='g7266-sivouslesouhaitezvouspouvezindiquervotrepseudodiscordlesdatesauxquellesvoussouhaitezparticiperpourlaformulecluboutouteautreinformationutile'\n\t\t                id='contact-form-comment-g7266-sivouslesouhaitezvouspouvezindiquervotrepseudodiscordlesdatesauxquellesvoussouhaitezparticiperpourlaformulecluboutouteautreinformationutile'\n\t\t                rows='20'\n\t\t\t\t\t\tdata-wp-text='state.getFieldValue'\n\t\t\t\t\t\tdata-wp-on--input='actions.onFieldChange'\n\t\t\t\t\t\tdata-wp-on--blur='actions.onFieldBlur'\n\t\t\t\t\t\tdata-wp-class--has-value='state.hasFieldValue'\n\t\t\t\t\t\taria-describedby='g7266-sivouslesouhaitezvouspouvezindiquervotrepseudodiscordlesdatesauxquellesvoussouhaitezparticiperpourlaformulecluboutouteautreinformationutile-textarea-error-message'\n\t\t\t\t\t\tdata-wp-bind--aria-invalid='state.fieldAriaInvalid'\n\t\t\t\t\t\tclass='textarea  grunion-field'  ><\/textarea>\n \n\t\t\t<div id=\"g7266-sivouslesouhaitezvouspouvezindiquervotrepseudodiscordlesdatesauxquellesvoussouhaitezparticiperpourlaformulecluboutouteautreinformationutile-textarea-error\" class=\"contact-form__input-error\" data-wp-class--has-errors=\"state.fieldHasErrors\">\n\t\t\t\t<span class=\"contact-form__warning-icon\" aria-hidden=\"true\">\n\t\t\t\t\t<svg width=\"16\" height=\"16\" viewBox=\"0 0 16 16\" fill=\"none\" xmlns=\"http:\/\/www.w3.org\/2000\/svg\">\n\t\t\t\t\t\t<path d=\"M8.50015 11.6402H7.50015V10.6402H8.50015V11.6402Z\" \/>\n\t\t\t\t\t\t<path d=\"M7.50015 9.64018H8.50015V6.30684H7.50015V9.64018Z\" \/>\n\t\t\t\t\t\t<path fill-rule=\"evenodd\" clip-rule=\"evenodd\" d=\"M6.98331 3.0947C7.42933 2.30177 8.57096 2.30177 9.01698 3.09469L13.8771 11.7349C14.3145 12.5126 13.7525 13.4735 12.8602 13.4735H3.14004C2.24774 13.4735 1.68575 12.5126 2.12321 11.7349L6.98331 3.0947ZM8.14541 3.58496C8.08169 3.47168 7.9186 3.47168 7.85488 3.58496L2.99478 12.2251C2.93229 12.3362 3.01257 12.4735 3.14004 12.4735H12.8602C12.9877 12.4735 13.068 12.3362 13.0055 12.2251L8.14541 3.58496Z\" \/>\n\t\t\t\t\t<\/svg>\n\t\t\t\t<\/span>\n\t\t\t\t<span data-wp-text=\"state.errorMessage\" id=\"g7266-sivouslesouhaitezvouspouvezindiquervotrepseudodiscordlesdatesauxquellesvoussouhaitezparticiperpourlaformulecluboutouteautreinformationutile-textarea-error-message\"><\/span>\n\t\t\t<\/div>\n\t<\/div>\n\t<p class='contact-submit'>\n<div class=\"contact-form__error\" data-wp-class--show-errors=\"state.showFormErrors\"><span class=\"contact-form__warning-icon\" aria-hidden=\"true\"><i><\/i><\/span><span class=\"contact-form__error-message\" tabindex=\"-1\" data-wp-watch=\"callbacks.focusOnValidationError\" data-wp-text=\"state.getFormErrorMessage\"><\/span><ul aria-label=\"Erreurs de formulaire\">\n\t\t\t\t<template data-wp-each=\"state.getErrorList\" data-wp-key=\"context.item.id\">\n\t\t\t\t\t<li><a data-wp-bind--href=\"context.item.anchor\" data-wp-on--click=\"actions.scrollIntoView\" data-wp-text=\"context.item.label\"><\/a><\/li>\n\t\t\t\t<\/template>\n\t\t\t\t<\/ul><\/div><div class=\"contact-form__error\" data-wp-class--show-errors=\"state.showSubmissionError\" data-wp-text=\"context.submissionError\" tabindex=\"-1\" data-wp-watch=\"callbacks.focusOnSubmissionError\"><\/div>\t\t<button type='submit' class='pushbutton-wide'>Envoyer<\/button>\t\t<input type='hidden' name='contact-form-id' value='7266' \/>\n\t\t<input type='hidden' name='action' value='grunion-contact-form' \/>\n\t\t<input type='hidden' name='contact-form-hash' value='aaffc1dbfeecd831049edc73b2a2a87e6ccf4fc0' \/>\n\t<\/p>\n<p style=\"display: none !important;\" class=\"akismet-fields-container\" data-prefix=\"ak_\"><label>&#916;<textarea name=\"ak_hp_textarea\" cols=\"45\" rows=\"8\" maxlength=\"100\"><\/textarea><\/label><input type=\"hidden\" id=\"ak_js_1\" name=\"ak_js\" value=\"141\"\/><script>document.getElementById( \"ak_js_1\" ).setAttribute( \"value\", ( new Date() ).getTime() );<\/script><\/p><\/form>\n<\/div>\n<p>\u26a0\ufe0f <span style=\"color: #000000;\">Attention : les pr\u00e9commandes sont ouvertes d\u00e8s maintenant et les quantit\u00e9s sont tr\u00e8s limit\u00e9es. Il n\u2019y en aura pas pour tout le monde\u2026<\/span><\/p>\n<p>&nbsp;<\/p>\n<p><span dir=\"auto\" style=\"vertical-align: inherit; color: #000000;\"><span dir=\"auto\" style=\"vertical-align: inherit;\"><em>Le club Chosettes peut \u00eatre envoy\u00e9 partout en France !\u00a0<\/em><\/span><\/span><\/p>\n<p><span dir=\"auto\" style=\"vertical-align: inherit; color: #000000;\"><span dir=\"auto\" style=\"vertical-align: inherit;\"><em>Pas besoin d&rsquo;\u00eatre locale pour en profiter : que vous viviez \u00e0 l&rsquo;autre bout du pays ou que vous soyez temporairement loin, vos boxes vous suivront o\u00f9 que vous soyez !<\/em><\/span><\/span><\/p>\n","protected":false},"excerpt":{"rendered":"<h2>\u2728 <strong>Fais ce qu\u2019il te pla\u00eet<\/strong><\/h2>\n<p>En mai, on l\u00e2che les brides. Le Club Chosettes vous propose une \u00e9dition plac\u00e9e sous le signe de la libert\u00e9 : <strong>2 patrons myst\u00e8res<\/strong>, 2 vibes diff\u00e9rentes\u2026 et <strong>1 laine<\/strong> pour tricoter <strong>celui qui vous fait le plus kiffer<\/strong>.<br \/>\nTeam A ? Team B ? Team \u201cje d\u00e9cide au dernier moment\u201d ? Tout est permis.<\/p>\n<p>Le but : se faire plaisir, tricoter sans pression, papoter, rigoler, avancer \u00e0 son rythme et profiter de l\u2019ambiance Chosettes comme on l\u2019aime.<\/p>\n<p>Toujours deux formules, toujours simples, toujours efficaces :<\/p>\n","protected":false},"featured_media":7270,"comment_status":"open","ping_status":"closed","template":"","meta":{"_crdt_document":"","om_disable_all_campaigns":false,"_monsterinsights_skip_tracking":false,"_monsterinsights_sitenote_active":false,"_monsterinsights_sitenote_note":"","_monsterinsights_sitenote_category":0,"_uf_show_specific_survey":0,"_uf_disable_surveys":false,"jetpack_publicize_message":"","jetpack_publicize_feature_enabled":true,"jetpack_social_post_already_shared":true,"jetpack_social_options":{"image_generator_settings":{"template":"highway","default_image_id":0,"font":"","enabled":false},"version":2}},"product_brand":[737,743,742,747],"product_cat":[109,636,197],"product_tag":[649,480,178,746,523,524,650,666,595,706,741,570,659,204,594,600,599,715,156,651,569,716,180],"class_list":{"0":"post-7266","1":"product","2":"type-product","3":"status-publish","4":"has-post-thumbnail","6":"product_brand-chiaogoo","7":"product_brand-kremke","8":"product_brand-lana-grossa","9":"product_brand-lang","10":"product_cat-accueil","11":"product_cat-box","12":"product_cat-kits","13":"product_tag-box","14":"product_tag-cadeau","15":"product_tag-chaussettes","16":"product_tag-choses","17":"product_tag-chosettes","18":"product_tag-club","19":"product_tag-designer","20":"product_tag-echeveau","21":"product_tag-fingering","22":"product_tag-fleur","23":"product_tag-idee-cadeau","24":"product_tag-inscription","25":"product_tag-jeudi","26":"product_tag-laine","27":"product_tag-laine-a-chaussettes","28":"product_tag-laine-a-chosettes","29":"product_tag-mini-circulaire","30":"product_tag-mystere","31":"product_tag-patron","32":"product_tag-rdv","33":"product_tag-samedi","34":"product_tag-surprise","35":"product_tag-tricot","37":"first","38":"instock","39":"featured","40":"taxable","41":"shipping-taxable","42":"product-type-variable"},"aioseo_notices":[],"jetpack_publicize_connections":[],"jetpack_sharing_enabled":true,"_links":{"self":[{"href":"https:\/\/mchoses.fr\/index.php?rest_route=\/wp\/v2\/product\/7266","targetHints":{"allow":["GET"]}}],"collection":[{"href":"https:\/\/mchoses.fr\/index.php?rest_route=\/wp\/v2\/product"}],"about":[{"href":"https:\/\/mchoses.fr\/index.php?rest_route=\/wp\/v2\/types\/product"}],"replies":[{"embeddable":true,"href":"https:\/\/mchoses.fr\/index.php?rest_route=%2Fwp%2Fv2%2Fcomments&post=7266"}],"wp:featuredmedia":[{"embeddable":true,"href":"https:\/\/mchoses.fr\/index.php?rest_route=\/wp\/v2\/media\/7270"}],"wp:attachment":[{"href":"https:\/\/mchoses.fr\/index.php?rest_route=%2Fwp%2Fv2%2Fmedia&parent=7266"}],"wp:term":[{"taxonomy":"product_brand","embeddable":true,"href":"https:\/\/mchoses.fr\/index.php?rest_route=%2Fwp%2Fv2%2Fproduct_brand&post=7266"},{"taxonomy":"product_cat","embeddable":true,"href":"https:\/\/mchoses.fr\/index.php?rest_route=%2Fwp%2Fv2%2Fproduct_cat&post=7266"},{"taxonomy":"product_tag","embeddable":true,"href":"https:\/\/mchoses.fr\/index.php?rest_route=%2Fwp%2Fv2%2Fproduct_tag&post=7266"}],"curies":[{"name":"wp","href":"https:\/\/api.w.org\/{rel}","templated":true}]}}